{"id":3335,"date":"2024-01-08T12:35:56","date_gmt":"2024-01-08T11:35:56","guid":{"rendered":"https:\/\/magictowns.al\/?page_id=3335"},"modified":"2025-07-03T15:26:51","modified_gmt":"2025-07-03T13:26:51","slug":"informativa-sulla-privacy","status":"publish","type":"page","link":"https:\/\/magictowns.al\/it\/privacy-policy\/","title":{"rendered":"Informativa sulla privacy"},"content":{"rendered":"<div class=\"wp-block-rank-math-toc-block\" id=\"rank-math-toc\"><h2>Indice dei contenuti<\/h2><nav><ul><li><a href=\"#definitions\">Definizioni<\/a><\/li><li><a href=\"#information-we-collect\">Informazioni raccolte<\/a><\/li><li><a href=\"#additional-information\">Informazioni aggiuntive<\/a><\/li><li><a href=\"#information-automatically-collected-by-using-the-platform\">Informazioni raccolte automaticamente utilizzando la piattaforma<\/a><\/li><li><a href=\"#information-collected-from-third-parties\">Informazioni raccolte da terzi<\/a><\/li><li><a href=\"#how-we-use-collected-information\">Come utilizziamo le informazioni raccolte<\/a><ul><li><a href=\"#provide-improve-and-develop-the-platform\">Fornire, migliorare e sviluppare la piattaforma<\/a><\/li><li><a href=\"#provide-personalize-measure-and-improve-our-advertising-and-marketing\">Fornire, personalizzare, misurare e migliorare la nostra pubblicit\u00e0 e il nostro marketing.<\/a><\/li><\/ul><\/li><li><a href=\"#linking-third-party-accounts\">Collegamento di account di terze parti<\/a><\/li><li><a href=\"#provide-payment-services\">Fornire servizi di pagamento<\/a><\/li><li><a href=\"#sharing-between-users\">Condivisione tra utenti<\/a><ul><li><a href=\"#between-clients-and-experts\">Tra clienti ed esperti:<\/a><\/li><li><a href=\"#expert-to-expert-communication\">Comunicazione tra esperti:<\/a><\/li><li><a href=\"#experts-service-providers\">Esperti Fornitori di servizi<\/a><\/li><li><a href=\"#windup-of-operations-and-business-transfers\">Cessazione delle attivit\u00e0 e trasferimenti d'azienda<\/a><\/li><\/ul><\/li><li><a href=\"#third-party-partners-integrations\">Partner e integrazioni di terze parti<\/a><\/li><li><a href=\"#exercising-your-rights\">Esercitare i propri diritti<\/a><\/li><\/ul><\/nav><\/div>\n\n\n\n<p>La missione di Magic Towns \u00e8 quella di consentire agli espatriati, ai pensionati e, pi\u00f9 in generale, ai viaggiatori del mondo, di trasferirsi in paesi diversi in sicurezza e trasparenza. Nel fare ci\u00f2, ci proponiamo di costruire una comunit\u00e0 fondata sulla fiducia e sulla professionalit\u00e0. Una pietra miliare di questa fiducia \u00e8 la trasparenza nell'uso delle informazioni e la salvaguardia del diritto fondamentale alla privacy.<\/p>\n\n\n\n<p>La presente Informativa sulla privacy illustra le modalit\u00e0 di trattamento dei dati personali da parte della Societ\u00e0 e delle sue affiliate (\"noi\", \"ci\" o \"nostro\") in relazione all'utilizzo della nostra Piattaforma. A seconda del luogo in cui vi trovate e del modo in cui interagite con la nostra Piattaforma, potrebbero essere applicate ulteriori condizioni sulla privacy. Vi invitiamo a seguire i link e a prendere visione delle informazioni supplementari che descrivono le modalit\u00e0 di trattamento dei dati personali in tali circostanze specifiche.<\/p>\n\n\n\n<p>La presente Informativa sulla privacy pu\u00f2 essere disponibile in diverse lingue. L'unica versione a cui fare riferimento \u00e8 quella inglese (UK). Altre lingue possono essere fornite solo per comodit\u00e0. Utilizzando la Piattaforma, l'utente accetta esplicitamente questa disposizione.<\/p>\n\n\n\n<h3 id=\"definitions\" class=\"wp-block-heading\">Definizioni<\/h3>\n\n\n\n<p>I termini non definiti nella presente Informativa sulla privacy hanno le stesse definizioni dei nostri Termini di servizio (\"Termini\").<\/p>\n\n\n\n<h3 id=\"information-we-collect\" class=\"wp-block-heading\">Informazioni raccolte<\/h3>\n\n\n\n<p>Raccogliamo informazioni personali sull'utente quando questi utilizza la nostra Piattaforma. Senza queste informazioni, potremmo non essere in grado di fornire tutti i servizi richiesti. Queste informazioni includono:<\/p>\n\n\n\n<p><strong>Informazioni su contatti, account e profili<\/strong>: Come nome, cognome, numero di telefono, indirizzo postale, indirizzo e-mail, data di nascita e foto del profilo, alcuni dei quali dipendono dalle funzioni utilizzate.<\/p>\n\n\n\n<p><strong>Verifica dell'identit\u00e0 e informazioni sul pagamento<\/strong>: Ad esempio, immagini del documento d'identit\u00e0 rilasciato dal governo (come consentito dalle leggi in vigore), il numero del documento d'identit\u00e0 o altre informazioni di verifica e informazioni sul conto bancario o di pagamento. Se ci viene fornita una copia del documento d'identit\u00e0, possiamo scansionare, utilizzare e memorizzare le informazioni contenute nel documento per verificare l'identit\u00e0 dell'utente e per scopi di sicurezza.<\/p>\n\n\n\n<h3 id=\"additional-information\" class=\"wp-block-heading\">Informazioni aggiuntive<\/h3>\n\n\n\n<p>L'utente pu\u00f2 scegliere di fornirci ulteriori informazioni personali. Tali informazioni possono includere:<\/p>\n\n\n\n<p><strong>Informazioni aggiuntive sul profilo<\/strong>: Come il sesso, la lingua preferita, la citt\u00e0 e la descrizione personale. Alcune di queste informazioni, come indicato nelle impostazioni dell'account, fanno parte della pagina del profilo pubblico e saranno visibili pubblicamente.<\/p>\n\n\n\n<p><strong>Informazioni sugli altri<\/strong>: Ad esempio, uno strumento di pagamento appartenente a un'altra persona. Fornendoci informazioni personali su altre persone, l'utente dichiara di essere autorizzato a fornire tali informazioni per gli scopi descritti nella presente Informativa sulla privacy.<\/p>\n\n\n\n<p><strong>Altre informazioni<\/strong>: Ad esempio, quando si compila un modulo, si aggiungono informazioni al proprio account, si risponde a sondaggi, si pubblica un post nei forum della comunit\u00e0, si partecipa a promozioni, si comunica con l'Assistenza e con altri utenti o si condivide la propria esperienza con noi. L'utente \u00e8 consapevole che le conversazioni che includono informazioni personali, tra cui, a titolo esemplificativo, la sua situazione fiscale, possono essere memorizzate sulla nostra Piattaforma.<\/p>\n\n\n\n<h3 id=\"information-automatically-collected-by-using-the-platform\" class=\"wp-block-heading\">Informazioni raccolte automaticamente utilizzando la piattaforma<\/h3>\n\n\n\n<p>Quando utilizzate la nostra Piattaforma, raccogliamo automaticamente informazioni personali e di altro tipo. Queste informazioni possono includere:<\/p>\n\n\n\n<p><strong>Informazioni sulla geolocalizzazione<\/strong>: Come la posizione precisa o approssimativa determinata dall'indirizzo IP, dal GPS del cellulare o di un altro dispositivo o da altre informazioni che l'utente condivide con noi, a seconda delle impostazioni del dispositivo.<\/p>\n\n\n\n<p><strong>Informazioni sull'uso<\/strong>: Come le pagine o i contenuti visualizzati, le ricerche effettuate e altre azioni sulla Piattaforma.<\/p>\n\n\n\n<p><strong>Dati di registro e informazioni sul dispositivo<\/strong>: Come ad esempio i dettagli su come avete utilizzato la Piattaforma, l'indirizzo IP, le date e gli orari di accesso, le informazioni sull'hardware e sul software, le informazioni sul dispositivo, gli identificatori unici, i dati di crash e le pagine visualizzate o utilizzate prima o dopo l'utilizzo della Piattaforma. Possiamo raccogliere queste informazioni anche se non avete creato un account o effettuato l'accesso.<\/p>\n\n\n\n<p><strong>Cookie e tecnologie simili<\/strong><\/p>\n\n\n\n<p><strong>Informazioni sulle transazioni di pagamento<\/strong>: Come il metodo di pagamento utilizzato, la data e l'ora, l'importo del pagamento, la data di scadenza del metodo di pagamento e il codice postale di fatturazione e altri dettagli relativi alla transazione.<\/p>\n\n\n\n<h3 id=\"information-collected-from-third-parties\" class=\"wp-block-heading\"><strong>Informazioni raccolte da terzi<\/strong><\/h3>\n\n\n\n<p>Raccogliamo informazioni personali da altre fonti, quali:<\/p>\n\n\n\n<p><strong>Servizi di terze parti<\/strong>: Se vi collegate, connettete o accedete alla nostra Piattaforma con un servizio di terze parti (ad esempio, Google, Facebook), date ordine al servizio di inviarci informazioni come quelle relative alla vostra registrazione e al vostro profilo, come controllato da tale servizio o come autorizzato dall'utente tramite le impostazioni sulla privacy di tale servizio.<\/p>\n\n\n\n<p><strong>Esperti e gestione dei conti<\/strong>: Gli esperti che hanno accesso alla nostra Piattaforma possono inviare informazioni personali per facilitare la gestione dell'account e per gestire il loro rapporto con l'utente come mediato da questa Piattaforma.<\/p>\n\n\n\n<p><strong>Referral<\/strong>: Se l'utente viene invitato a utilizzare la nostra Piattaforma, la persona che lo ha invitato pu\u00f2 fornire informazioni personali sull'utente, come l'indirizzo e-mail o altre informazioni di contatto.<\/p>\n\n\n\n<p><strong>Nota<\/strong>: Come meglio spiegato nei nostri Termini e Condizioni, la Piattaforma non offre consulenza legale o fiscale e qualsiasi informazione fornita da Magic AI non deve essere considerata una consulenza personale. Ci si deve affidare esclusivamente alla consulenza di un esperto qualificato. Magic Towns si ritiene indenne da eventuali errori e omissioni nei Contenuti disponibili sulla Piattaforma o forniti da Magic AI.<\/p>\n\n\n\n<h3 id=\"how-we-use-collected-information\" class=\"wp-block-heading\">Come utilizziamo le informazioni raccolte<\/h3>\n\n\n\n<p>Utilizziamo i dati personali come indicato nella presente Informativa sulla privacy per vari scopi, al fine di fornire e migliorare i nostri servizi.<\/p>\n\n\n\n<h3 class=\"wp-block-heading\" id=\"provide-improve-and-develop-the-platform\">Fornire, migliorare e sviluppare la piattaforma<\/h3>\n\n\n\n<p>Possiamo trattare queste informazioni per:<\/p>\n\n\n\n<ul class=\"wp-block-list\">\n<li>Consentire all'utente di accedere alla Piattaforma e di effettuare e ricevere pagamenti<\/li>\n\n\n\n<li>Consentire all'utente di comunicare con altri Utenti ed Esperti<\/li>\n\n\n\n<li>Elaborare la vostra richiesta di informazioni o servizi<\/li>\n\n\n\n<li>Eseguire analisi, debug e condurre ricerche<\/li>\n\n\n\n<li>Fornire formazione sul servizio clienti<\/li>\n\n\n\n<li>Inviarvi messaggi, aggiornamenti, avvisi di sicurezza e notifiche relative all'account.<\/li>\n\n\n\n<li>Elaborare, gestire o valutare richieste di risarcimento assicurative o di altro tipo.<\/li>\n\n\n\n<li>Personalizzare e personalizzare l'esperienza dell'utente in base alle interazioni con la Piattaforma, alla cronologia delle ricerche e delle consultazioni, alle informazioni e alle preferenze del profilo e ad altri contenuti inviati dall'utente.<\/li>\n\n\n\n<li>Fornire una sintesi delle consultazioni a voi e agli Esperti con cui lavorate.<\/li>\n<\/ul>\n\n\n\n<p>Se ci fornite i dati dei vostri contatti, possiamo trattare queste informazioni per:<\/p>\n\n\n\n<ul class=\"wp-block-list\">\n<li>Facilitare i vostri inviti a fare riferimento<\/li>\n\n\n\n<li>agevolare le vostre richieste o per qualsiasi altro scopo da voi autorizzato<\/li>\n\n\n\n<li>Rispetto degli obblighi legali<\/li>\n\n\n\n<li>Possiamo trattare queste informazioni per:<\/li>\n\n\n\n<li>adempiere ai nostri obblighi legali se e quando ci viene richiesto da enti governativi<\/li>\n\n\n\n<li>Risolvere le controversie con i nostri Utenti, compresa la condivisione di informazioni sulle controversie relative alle interazioni degli Utenti con gli Esperti.<\/li>\n\n\n\n<li>Rispettare la legge, rispondere a richieste legali, prevenire danni e proteggere i nostri diritti.<\/li>\n\n\n\n<li>Applicare i nostri Termini e altre politiche<\/li>\n<\/ul>\n\n\n\n<p>In casi limitati, i processi automatizzati potrebbero limitare o sospendere l'accesso dell'utente alla Piattaforma se tali processi rilevano attivit\u00e0 che possono rappresentare un rischio per la sicurezza o di altro tipo per la Societ\u00e0, la nostra comunit\u00e0 o terze parti.<\/p>\n\n\n\n<h3 class=\"wp-block-heading\" id=\"provide-personalize-measure-and-improve-our-advertising-and-marketing\">Fornire, personalizzare, misurare e migliorare la nostra pubblicit\u00e0 e il nostro marketing.<\/h3>\n\n\n\n<p>Possiamo trattare queste informazioni per:<\/p>\n\n\n\n<ul class=\"wp-block-list\">\n<li>inviarvi messaggi promozionali, marketing, pubblicit\u00e0 e altre informazioni in base alle vostre preferenze<\/li>\n\n\n\n<li>Personalizzare, misurare e migliorare la nostra pubblicit\u00e0<\/li>\n\n\n\n<li>Amministrare programmi di riferimento, premi, sondaggi, lotterie, concorsi o altre attivit\u00e0 o eventi promozionali.<\/li>\n\n\n\n<li>Analizzare le caratteristiche e le preferenze per inviarvi messaggi promozionali, marketing, pubblicit\u00e0 e altre informazioni che riteniamo possano essere di vostro interesse<\/li>\n\n\n\n<li>Invitarvi a eventi e opportunit\u00e0 rilevanti<\/li>\n\n\n\n<li>Analizzare e condividere le comunicazioni<\/li>\n<\/ul>\n\n\n\n<p>Possiamo esaminare, scansionare o analizzare le vostre comunicazioni sulla Piattaforma per i motivi indicati nella sezione \"Come utilizziamo le informazioni raccolte\" della presente informativa. Ci\u00f2 include:<\/p>\n\n\n\n<ul class=\"wp-block-list\">\n<li>Prevenzione delle frodi<\/li>\n\n\n\n<li>Indagini di sicurezza<\/li>\n\n\n\n<li>Valutazioni del rischio<\/li>\n\n\n\n<li>Conformit\u00e0 normativa<\/li>\n\n\n\n<li>Sviluppo del prodotto<\/li>\n\n\n\n<li>Ricerca e analisi<\/li>\n\n\n\n<li>Applicazione dei nostri Termini di servizio<\/li>\n\n\n\n<li>Assistenza clienti<\/li>\n<\/ul>\n\n\n\n<p>Ove possibile, utilizziamo metodi automatizzati. In alcuni casi, la revisione manuale delle comunicazioni pu\u00f2 essere necessaria per le indagini sulle frodi e l'assistenza clienti. Non esamineremo, scansioneremo o analizzeremo le vostre comunicazioni di messaggistica per inviarvi messaggi di marketing di terzi. Possiamo anche condividere le vostre comunicazioni come indicato nella sezione \"Condivisione e divulgazione\".<\/p>\n\n\n\n<h3 id=\"linking-third-party-accounts\" class=\"wp-block-heading\">Collegamento di account di terze parti<\/h3>\n\n\n\n<p>\u00c8 possibile collegare il proprio account a determinati servizi di terzi. Quando si dirige la condivisione dei dati creando questo link:<\/p>\n\n\n\n<ul class=\"wp-block-list\">\n<li>Alcune informazioni possono essere pubblicate sul vostro profilo pubblico.<\/li>\n\n\n\n<li>Gli altri utenti possono essere in grado di vedere i contatti o i gruppi comuni.<\/li>\n\n\n\n<li>Le informazioni fornite dall'utente attraverso questo collegamento possono essere memorizzate, elaborate e trasmesse per la prevenzione delle frodi, le indagini di sicurezza e la valutazione dei rischi.<\/li>\n<\/ul>\n\n\n\n<h3 id=\"provide-payment-services\" class=\"wp-block-heading\">Fornire servizi di pagamento<\/h3>\n\n\n\n<p>I dati personali vengono utilizzati per consentire o autorizzare terzi a utilizzare i Servizi di pagamento, ad esempio per:<\/p>\n\n\n\n<ul class=\"wp-block-list\">\n<li>Rilevare e prevenire il riciclaggio di denaro, le frodi, gli abusi e gli incidenti di sicurezza.<\/li>\n\n\n\n<li>Rispettare gli obblighi legali e di conformit\u00e0<\/li>\n\n\n\n<li>Applicare i Termini di pagamento e le altre politiche di pagamento<\/li>\n\n\n\n<li>Fornire e migliorare i servizi di pagamento<\/li>\n\n\n\n<li>Condivisione delle informazioni<\/li>\n\n\n\n<li>Condivisione con il vostro consenso o su vostra indicazione<\/li>\n<\/ul>\n\n\n\n<p>Quando l'utente fornisce il consenso, condividiamo le sue informazioni come descritto al momento del consenso. Ci\u00f2 potrebbe avvenire quando si autorizza un'applicazione di terzi ad accedere al proprio account o quando si partecipa ad attivit\u00e0 promozionali dei nostri partner o di terzi.<\/p>\n\n\n\n<p>Laddove consentito dalla legge applicabile, possiamo utilizzare alcune informazioni anonime sull'utente, come l'indirizzo e-mail, per generare contatti, indirizzare il traffico verso la Piattaforma o promuovere in altro modo i nostri prodotti e servizi.<\/p>\n\n\n\n<h3 id=\"sharing-between-users\" class=\"wp-block-heading\">Condivisione tra utenti<\/h3>\n\n\n\n<p>Per facilitare le consultazioni o altre interazioni tra gli utenti (che possono trovarsi in giurisdizioni con diversi livelli di protezione dei dati), possiamo condividere le informazioni nelle seguenti situazioni:<\/p>\n\n\n\n<h3 class=\"wp-block-heading\" id=\"between-clients-and-experts\">Tra clienti ed esperti:<\/h3>\n\n\n\n<p>Quando viene effettuata una richiesta di consulenza o si verifica una controversia, saranno disponibili alcune informazioni come il profilo, il nome, l'esito della controversia e altre informazioni che l'utente sceglie di condividere.<\/p>\n\n\n\n<p>Una volta confermata la consultazione, vengono condivise ulteriori informazioni, come la foto del profilo e i dati di contatto, per agevolare il coordinamento della consultazione.<\/p>\n\n\n\n<h3 class=\"wp-block-heading\" id=\"expert-to-expert-communication\">Comunicazione tra esperti:<\/h3>\n\n\n\n<p>Quando accettate un invito a collaborare con un altro Esperto, autorizzate gli altri Esperti ad accedere alle vostre informazioni. Queste possono includere il nome completo, i dati di contatto, l'agenda e l'indirizzo e-mail dell'utente, nonch\u00e9 le informazioni relative a consultazioni precedenti.<\/p>\n\n\n\n<h3 class=\"wp-block-heading\" id=\"experts-service-providers\">Esperti Fornitori di servizi<\/h3>\n\n\n\n<p>Gli Esperti possono utilizzare servizi di terze parti per aiutare a gestire o fornire i loro servizi, come ad esempio software di pianificazione degli appuntamenti o piattaforme di riunioni virtuali. Gli Esperti possono utilizzare funzioni della Piattaforma per condividere informazioni sul Cliente (come l'orario di consultazione, il nome del Cliente, il numero di telefono del Cliente) con tali fornitori di servizi terzi.<\/p>\n\n\n\n<h3 class=\"wp-block-heading\" id=\"windup-of-operations-and-business-transfers\">Cessazione delle attivit\u00e0 e trasferimenti d'azienda<\/h3>\n\n\n\n<p>Se la Societ\u00e0 \u00e8 coinvolta in una fusione, acquisizione, riorganizzazione, vendita di beni, fallimento o insolvenza, potremmo vendere, trasferire o condividere alcuni o tutti i nostri beni, comprese le vostre informazioni, in relazione a tale transazione o in previsione di tale transazione (ad esempio, due diligence). In tal caso, vi informeremo prima che le vostre informazioni personali vengano trasferite e diventino soggette a una diversa politica sulla privacy.<\/p>\n\n\n\n<h3 id=\"third-party-partners-integrations\" class=\"wp-block-heading\">Partner e integrazioni di terze parti<\/h3>\n\n\n\n<p>La Piattaforma pu\u00f2 collegarsi a servizi di terzi. La Societ\u00e0 non possiede n\u00e9 controlla queste terze parti. Quando si interagisce con queste terze parti e si sceglie di utilizzare i loro servizi, si forniscono loro le proprie informazioni. L'utilizzo di questi servizi \u00e8 soggetto alle politiche sulla privacy di tali fornitori.<\/p>\n\n\n\n<h3 id=\"exercising-your-rights\" class=\"wp-block-heading\">Esercitare i propri diritti<\/h3>\n\n\n\n<p>Potete esercitare uno qualsiasi dei diritti descritti in questa sezione, in conformit\u00e0 con la legge applicabile. Potremmo chiedervi di verificare la vostra identit\u00e0 e la vostra richiesta prima di intraprendere ulteriori azioni. Per inviare la vostra richiesta potete utilizzare la sezione Contatti del sito web.<\/p>","protected":false},"excerpt":{"rendered":"<p>La missione di Magic Towns \u00e8 quella di consentire agli espatriati, ai pensionati e, pi\u00f9 in generale, ai viaggiatori del mondo, di trasferirsi in paesi diversi in tutta sicurezza...<\/p>","protected":false},"author":1,"featured_media":0,"parent":0,"menu_order":0,"comment_status":"closed","ping_status":"closed","template":"","meta":{"_acf_changed":false,"_helpful_status":1,"footnotes":""},"class_list":["post-3335","page","type-page","status-publish"],"acf":[],"_links":{"self":[{"href":"https:\/\/magictowns.al\/it\/wp-json\/wp\/v2\/pages\/3335","targetHints":{"allow":["GET"]}}],"collection":[{"href":"https:\/\/magictowns.al\/it\/wp-json\/wp\/v2\/pages"}],"about":[{"href":"https:\/\/magictowns.al\/it\/wp-json\/wp\/v2\/types\/page"}],"author":[{"embeddable":true,"href":"https:\/\/magictowns.al\/it\/wp-json\/wp\/v2\/users\/1"}],"replies":[{"embeddable":true,"href":"https:\/\/magictowns.al\/it\/wp-json\/wp\/v2\/comments?post=3335"}],"version-history":[{"count":4,"href":"https:\/\/magictowns.al\/it\/wp-json\/wp\/v2\/pages\/3335\/revisions"}],"predecessor-version":[{"id":26214,"href":"https:\/\/magictowns.al\/it\/wp-json\/wp\/v2\/pages\/3335\/revisions\/26214"}],"wp:attachment":[{"href":"https:\/\/magictowns.al\/it\/wp-json\/wp\/v2\/media?parent=3335"}],"curies":[{"name":"wp","href":"https:\/\/api.w.org\/{rel}","templated":true}]}}