{"id":5056,"date":"2024-01-23T17:11:29","date_gmt":"2024-01-23T16:11:29","guid":{"rendered":"https:\/\/magictowns.al\/?page_id=5056"},"modified":"2025-07-03T15:27:05","modified_gmt":"2025-07-03T13:27:05","slug":"registre","status":"publish","type":"page","link":"https:\/\/magictowns.al\/fr\/register\/","title":{"rendered":"Registre"},"content":{"rendered":"<div data-elementor-type=\"wp-page\" data-elementor-id=\"5056\" class=\"elementor elementor-5056\" data-elementor-post-type=\"page\">\n\t\t\t\t\t\t<section class=\"elementor-section elementor-top-section elementor-element elementor-element-71f83621 elementor-section-boxed elementor-section-height-default elementor-section-height-default\" data-id=\"71f83621\" data-element_type=\"section\" data-e-type=\"section\">\r\n\t\t\t\t\t\t<div class=\"elementor-container elementor-column-gap-thegem\"><div class=\"elementor-row\">\r\n\t\t\t\t\t<div class=\"elementor-column elementor-col-100 elementor-top-column elementor-element elementor-element-605d1318\" data-id=\"605d1318\" data-element_type=\"column\" data-e-type=\"column\">\n\t\t\t<div class=\"elementor-widget-wrap elementor-element-populated\">\n\t\t\t\t\t\t<section class=\"elementor-section elementor-inner-section elementor-element elementor-element-406d873c elementor-section-boxed elementor-section-height-default elementor-section-height-default\" data-id=\"406d873c\" data-element_type=\"section\" data-e-type=\"section\">\r\n\t\t\t\t\t\t<div class=\"elementor-container elementor-column-gap-thegem\"><div class=\"elementor-row\">\r\n\t\t\t\t\t<div class=\"elementor-column elementor-col-50 elementor-inner-column elementor-element elementor-element-25cd7ab4\" data-id=\"25cd7ab4\" data-element_type=\"column\" data-e-type=\"column\">\n\t\t\t<div class=\"elementor-widget-wrap elementor-element-populated\">\n\t\t\t\t\t\t<div class=\"elementor-element elementor-element-eee77f0 flex-horizontal-align-default flex-horizontal-align-tablet-default flex-horizontal-align-mobile-default flex-vertical-align-default flex-vertical-align-tablet-default flex-vertical-align-mobile-default elementor-widget elementor-widget-heading\" data-id=\"eee77f0\" data-element_type=\"widget\" data-e-type=\"widget\" data-widget_type=\"heading.default\">\n\t\t\t\t\t<h2 class=\"elementor-heading-title elementor-size-default\">REJOIGNEZ LES VILLES MAGIQUES D'ALBANIE\n\n<\/h2>\t\t\t\t<\/div>\n\t\t\t\t<div class=\"elementor-element elementor-element-1fd91a8e flex-horizontal-align-default flex-horizontal-align-tablet-default flex-horizontal-align-mobile-default flex-vertical-align-default flex-vertical-align-tablet-default flex-vertical-align-mobile-default elementor-widget elementor-widget-heading\" data-id=\"1fd91a8e\" data-element_type=\"widget\" data-e-type=\"widget\" data-widget_type=\"heading.default\">\n\t\t\t\t\t<h1 class=\"elementor-heading-title elementor-size-default\">Acc\u00e8s gratuit \u00e0 des informations exclusives<\/h1>\t\t\t\t<\/div>\n\t\t\t\t<div class=\"elementor-element elementor-element-259301a flex-horizontal-align-default flex-horizontal-align-tablet-default flex-horizontal-align-mobile-default flex-vertical-align-default flex-vertical-align-tablet-default flex-vertical-align-mobile-default elementor-widget elementor-widget-text-editor\" data-id=\"259301a\" data-element_type=\"widget\" data-e-type=\"widget\" data-widget_type=\"text-editor.default\">\n\t\t\t\t\t\t\t\t\t\t\t\t<div class=\"elementor-text-editor elementor-clearfix\">\r\n\t\t\t\t\t\t<p class=\"styled-subtitle\">Pourquoi s'inscrire ?<\/p>\t\t\t\t\t\t\t<\/div>\r\n\t\t\t\t\t\t\t\t\t\t<\/div>\n\t\t\t\t<div class=\"elementor-element elementor-element-11af65a elementor-icon-list--layout-traditional elementor-list-item-link-full_width flex-horizontal-align-default flex-horizontal-align-tablet-default flex-horizontal-align-mobile-default flex-vertical-align-default flex-vertical-align-tablet-default flex-vertical-align-mobile-default elementor-widget elementor-widget-icon-list\" data-id=\"11af65a\" data-element_type=\"widget\" data-e-type=\"widget\" data-widget_type=\"icon-list.default\">\n\t\t\t\t\t\t\t<ul class=\"elementor-icon-list-items\">\n\t\t\t\t\t\t\t<li class=\"elementor-icon-list-item\">\n\t\t\t\t\t\t\t\t\t\t\t<span class=\"elementor-icon-list-icon\">\n\t\t\t\t\t\t\t<i aria-hidden=\"true\" class=\"gem-mdi mdi-checkbox-marked-outline\"><\/i>\t\t\t\t\t\t<\/span>\n\t\t\t\t\t\t\t\t\t\t<span class=\"elementor-icon-list-text\"><b>Articles Premium :<\/b> D\u00e9couvrez des contenus r\u00e9dig\u00e9s par des experts sur la vie en Albanie.<\/span>\n\t\t\t\t\t\t\t\t\t<\/li>\n\t\t\t\t\t\t\t\t<li class=\"elementor-icon-list-item\">\n\t\t\t\t\t\t\t\t\t\t\t<span class=\"elementor-icon-list-icon\">\n\t\t\t\t\t\t\t<i aria-hidden=\"true\" class=\"gem-mdi mdi-checkbox-marked-outline\"><\/i>\t\t\t\t\t\t<\/span>\n\t\t\t\t\t\t\t\t\t\t<span class=\"elementor-icon-list-text\"><b>Statistiques de la ville :<\/b> Acc\u00e9dez \u00e0 des donn\u00e9es d\u00e9taill\u00e9es sur la qualit\u00e9 de l'air, le climat et les prix de l'immobilier.<\/span>\n\t\t\t\t\t\t\t\t\t<\/li>\n\t\t\t\t\t\t\t\t<li class=\"elementor-icon-list-item\">\n\t\t\t\t\t\t\t\t\t\t\t<span class=\"elementor-icon-list-icon\">\n\t\t\t\t\t\t\t<i aria-hidden=\"true\" class=\"gem-mdi mdi-checkbox-marked-outline\"><\/i>\t\t\t\t\t\t<\/span>\n\t\t\t\t\t\t\t\t\t\t<span class=\"elementor-icon-list-text\"><b>Mises \u00e0 jour r\u00e9guli\u00e8res de la ville :<\/b> Restez inform\u00e9 des derni\u00e8res nouvelles et conseils sur l'expatriation.<\/span>\n\t\t\t\t\t\t\t\t\t<\/li>\n\t\t\t\t\t\t<\/ul>\n\t\t\t\t\t\t<\/div>\n\t\t\t\t<div class=\"elementor-element elementor-element-fb704de flex-horizontal-align-default flex-horizontal-align-tablet-default flex-horizontal-align-mobile-default flex-vertical-align-default flex-vertical-align-tablet-default flex-vertical-align-mobile-default elementor-widget elementor-widget-text-editor\" data-id=\"fb704de\" data-element_type=\"widget\" data-e-type=\"widget\" data-widget_type=\"text-editor.default\">\n\t\t\t\t\t\t\t\t\t\t\t\t<div class=\"elementor-text-editor elementor-clearfix\">\r\n\t\t\t\t\t\t<div id=\"\" class=\"brz-css-jUyUq brz-wrapper\"><div class=\"brz-rich-text brz-rich-text__custom brz-css-pP6pD\" data-brz-custom-id=\"rQBHfjK33yLy\"><div data-brz-translate-text=\"1\"><p class=\"brz-text-lg-left brz-tp-lg-subtitle brz-css-z0foI\" data-uniq-id=\"yf6pV\" data-generated-css=\"brz-css-heeDu\"><em>Nos informations d\u00e9taill\u00e9es et fond\u00e9es sur des donn\u00e9es nous co\u00fbtent des milliers d'euros rien qu'en sources de donn\u00e9es. Afin de pr\u00e9server la qualit\u00e9 et l'exclusivit\u00e9 de notre contenu, certaines ressources ne sont accessibles qu'aux membres inscrits.<\/em><\/p><\/div><\/div><\/div>\t\t\t\t\t\t\t<\/div>\r\n\t\t\t\t\t\t\t\t\t\t<\/div>\n\t\t\t\t\t<\/div>\n\t\t<\/div>\n\t\t\t\t<div class=\"elementor-column elementor-col-50 elementor-inner-column elementor-element elementor-element-388b8660\" data-id=\"388b8660\" data-element_type=\"column\" data-e-type=\"column\">\n\t\t\t<div class=\"elementor-widget-wrap elementor-element-populated\">\n\t\t\t\t\t\t<div class=\"elementor-element elementor-element-4c137d9 flex-horizontal-align-default flex-horizontal-align-tablet-default flex-horizontal-align-mobile-default flex-vertical-align-default flex-vertical-align-tablet-default flex-vertical-align-mobile-default elementor-widget elementor-widget-shortcode\" data-id=\"4c137d9\" data-element_type=\"widget\" data-e-type=\"widget\" data-widget_type=\"shortcode.default\">\n\t\t\t\t\t\t\t<div class=\"elementor-shortcode\"><div id=\"wppb-form-style-3-wrapper\" class=\"wppb-register-account-form\">        <form enctype=\"multipart\/form-data\" method=\"post\" id=\"wppb-register-user\" class=\"wppb-user-forms wppb-register-user wppb-user-logged-out\" action=\"https:\/\/magictowns.al\/fr\/wp-json\/wp\/v2\/pages\/5056\" data-trp-original-action=\"https:\/\/magictowns.al\/fr\/wp-json\/wp\/v2\/pages\/5056\">\n\t\t\t<ul><li class=\"wppb-form-field wppb-default-e-mail wppb-form-text-field label-outside\" id=\"wppb-form-element-8\">\n\t\t\t<label for=\"email\">Courrier \u00e9lectronique<span class=\"wppb-required\" title=\"Ce champ est obligatoire\">*<\/span><\/label>\n\t\t\t<input class=\"text-input default_field_email\" name=\"email\" maxlength=\"70\" type=\"email\" id=\"email\" value=\"\"   \/><\/li><li class=\"wppb-form-field wppb-default-password wppb-form-text-field label-outside\" id=\"wppb-form-element-12\">\n\t\t\t<label for=\"passw1\">Mot de passe<span class=\"wppb-required\" title=\"Ce champ est obligatoire\">*<\/span><\/label>\n            <span class=\"wppb-password-field-container\">\n\t\t\t    <input class=\"text-input\" name=\"passw1\" maxlength=\"70\" type=\"password\" id=\"passw1\" value=\"\" autocomplete=\"off\" \/>\n\t\t\t     <!-- add the HTML for the visibility toggle -->\n\t\t\t<\/span><span class=\"wppb-description-delimiter\"> <br>Le mot de passe doit avoir une force minimale de moyenne<\/span><span id=\"pass-strength-result\">Indicateur de force<\/span>\n        <input type=\"hidden\" value=\"\" name=\"wppb_password_strength\" id=\"wppb_password_strength\"\/><\/li><li class=\"wppb-form-field wppb-default-repeat-password wppb-form-text-field label-outside\" id=\"wppb-form-element-13\">\n\t\t\t<label for=\"passw2\">R\u00e9p\u00e9ter le mot de passe<span class=\"wppb-required\" title=\"Ce champ est obligatoire\">*<\/span><\/label>\n\t\t\t<span class=\"wppb-password-field-container\">\n\t\t\t    <input class=\"text-input\" name=\"passw2\" maxlength=\"70\" type=\"password\" id=\"passw2\" value=\"\" autocomplete=\"off\" \/>\n\t\t\t     <!-- add the HTML for the visibility toggle -->\n\t\t\t<\/span><\/li><li class=\"wppb-form-field wppb-radio label-outside\" id=\"wppb-form-element-15\">\n\t\t\t\t<label for=\"intention_to_move\">Avez-vous d\u00e9m\u00e9nag\u00e9 ou envisagez-vous de d\u00e9m\u00e9nager en Albanie ?<\/label><ul class=\"wppb-radios\"><li><input value=\"Yes\" class=\"custom_field_radio\" id=\"yes_15\" name=\"intention_to_move\" type=\"radio\"   \/><label for=\"yes_15\" class=\"wppb-rc-value\">Oui<\/label><\/li><li><input value=\"No\" class=\"custom_field_radio\" id=\"no_15\" name=\"intention_to_move\" type=\"radio\"   \/><label for=\"no_15\" class=\"wppb-rc-value\">Non<\/label><\/li><li><input value=\"Maybe\" class=\"custom_field_radio\" id=\"maybe_15\" name=\"intention_to_move\" type=\"radio\"   \/><label for=\"maybe_15\" class=\"wppb-rc-value\">Peut-\u00eatre<\/label><\/li><\/ul><span class=\"wppb-description-delimiter\">facultatif. Cela nous aidera \u00e0 adapter les informations \u00e0 vos besoins.<\/span><\/li><li class=\"wppb-form-field wppb-select-country wppb-form-select-field label-outside\" id=\"wppb-form-element-14\">\n\t\t\t\t<label for=\"country\">De quel pays avez-vous (ou allez-vous) d\u00e9m\u00e9nager ?<\/label>\n\t\t\t\t<select name=\"country\" id=\"country\" class=\"custom_field_country_select\" ><option value=\"\">S\u00e9lectionner un pays<\/option><option value=\"AF\">Afghanistan<\/option><option value=\"AX\">Aland (\u00celes)<\/option><option value=\"AL\">Albanie<\/option><option value=\"DZ\">Alg\u00e9rie<\/option><option value=\"AS\">Samoa am\u00e9ricaines<\/option><option value=\"AD\">Andorre<\/option><option value=\"AO\">Angola<\/option><option value=\"AI\">Anguilla<\/option><option value=\"AQ\">Antarctique<\/option><option value=\"AG\">Antigua et Barbuda<\/option><option value=\"AR\">Argentine<\/option><option value=\"AM\">Arm\u00e9nie<\/option><option value=\"AW\">Aruba<\/option><option value=\"AU\">Australie<\/option><option value=\"AT\">Autriche<\/option><option value=\"AZ\">Azerba\u00efdjan<\/option><option value=\"BS\">Bahamas<\/option><option value=\"BH\">Bahre\u00efn<\/option><option value=\"BD\">Bangladesh<\/option><option value=\"BB\">Barbade<\/option><option value=\"BY\">B\u00e9larus<\/option><option value=\"BE\">Belgique<\/option><option value=\"BZ\">Belize<\/option><option value=\"BJ\">B\u00e9nin<\/option><option value=\"BM\">Bermudes<\/option><option value=\"BT\">Bhoutan<\/option><option value=\"BO\">Bolivie<\/option><option value=\"BQ\">Bonaire, Saint-Eustache et Saba<\/option><option value=\"BA\">Bosnie et Herz\u00e9govine<\/option><option value=\"BW\">Botswana<\/option><option value=\"BV\">\u00cele Bouvet<\/option><option value=\"BR\">Br\u00e9sil<\/option><option value=\"IO\">Territoire britannique de l'oc\u00e9an Indien<\/option><option value=\"VG\">\u00celes Vierges britanniques<\/option><option value=\"BN\">Brunei<\/option><option value=\"BG\">Bulgarie<\/option><option value=\"BF\">Burkina Faso<\/option><option value=\"BI\">Burundi<\/option><option value=\"KH\">Cambodge<\/option><option value=\"CM\">Cameroun<\/option><option value=\"CA\">Canada<\/option><option value=\"CV\">Cap Vert<\/option><option value=\"KY\">\u00celes Ca\u00efmans<\/option><option value=\"CF\">R\u00e9publique centrafricaine<\/option><option value=\"TD\">Tchad<\/option><option value=\"CL\">Chili<\/option><option value=\"CN\">Chine<\/option><option value=\"CX\">L'\u00eele de No\u00ebl<\/option><option value=\"CC\">\u00celes Cocos<\/option><option value=\"CO\">Colombie<\/option><option value=\"KM\">Comores<\/option><option value=\"CK\">\u00celes Cook<\/option><option value=\"CR\">Costa Rica<\/option><option value=\"HR\">Croatie<\/option><option value=\"CU\">Cuba<\/option><option value=\"CW\">Cura\u00e7ao<\/option><option value=\"CY\">Chypre<\/option><option value=\"CZ\">R\u00e9publique tch\u00e8que<\/option><option value=\"CD\">R\u00e9publique d\u00e9mocratique du Congo<\/option><option value=\"DK\">Danemark<\/option><option value=\"DJ\">Djibouti<\/option><option value=\"DM\">Dominique<\/option><option value=\"DO\">R\u00e9publique dominicaine<\/option><option value=\"TL\">Timor oriental<\/option><option value=\"EC\">\u00c9quateur<\/option><option value=\"EG\">\u00c9gypte<\/option><option value=\"SV\">El Salvador<\/option><option value=\"GQ\">Guin\u00e9e \u00e9quatoriale<\/option><option value=\"ER\">Erythr\u00e9e<\/option><option value=\"EE\">Estonie<\/option><option value=\"ET\">\u00c9thiopie<\/option><option value=\"FK\">\u00celes Malouines<\/option><option value=\"FO\">\u00celes F\u00e9ro\u00e9<\/option><option value=\"FJ\">Fidji<\/option><option value=\"FI\">Finlande<\/option><option value=\"FR\">France<\/option><option value=\"GF\">Guyane fran\u00e7aise<\/option><option value=\"PF\">Polyn\u00e9sie fran\u00e7aise<\/option><option value=\"TF\">Terres australes fran\u00e7aises<\/option><option value=\"GA\">Gabon<\/option><option value=\"GM\">Gambie<\/option><option value=\"GE\">G\u00e9orgie<\/option><option value=\"DE\">Allemagne<\/option><option value=\"GH\">Ghana<\/option><option value=\"GI\">Gibraltar<\/option><option value=\"GR\">Gr\u00e8ce<\/option><option value=\"GL\">Groenland<\/option><option value=\"GD\">Grenade<\/option><option value=\"GP\">Guadeloupe<\/option><option value=\"GU\">Guam<\/option><option value=\"GT\">Guatemala<\/option><option value=\"GG\">Guernesey<\/option><option value=\"GN\">Guin\u00e9e<\/option><option value=\"GW\">Guin\u00e9e-Bissau<\/option><option value=\"GY\">Guyane<\/option><option value=\"HT\">Ha\u00efti<\/option><option value=\"HM\">\u00cele Heard et \u00eeles McDonald<\/option><option value=\"HN\">Honduras<\/option><option value=\"HK\">Hong Kong<\/option><option value=\"HU\">Hongrie<\/option><option value=\"IS\">Islande<\/option><option value=\"IN\">Inde<\/option><option value=\"ID\">Indon\u00e9sie<\/option><option value=\"IR\">L'Iran<\/option><option value=\"IQ\">L'Irak<\/option><option value=\"IE\">Irlande<\/option><option value=\"IM\">\u00cele de Man<\/option><option value=\"IL\">Isra\u00ebl<\/option><option value=\"IT\">Italie<\/option><option value=\"CI\">C\u00f4te d'Ivoire<\/option><option value=\"JM\">Jama\u00efque<\/option><option value=\"JP\">Japon<\/option><option value=\"JE\">Jersey<\/option><option value=\"JO\">Jordanie<\/option><option value=\"KZ\">Kazakhstan<\/option><option value=\"KE\">Kenya<\/option><option value=\"KI\">Kiribati<\/option><option value=\"XK\">Kosovo<\/option><option value=\"KW\">Kowe\u00eft<\/option><option value=\"KG\">Kirghizistan<\/option><option value=\"LA\">Laos<\/option><option value=\"LV\">Lettonie<\/option><option value=\"LB\">Liban<\/option><option value=\"LS\">Lesotho<\/option><option value=\"LR\">Lib\u00e9ria<\/option><option value=\"LY\">Libye<\/option><option value=\"LI\">Liechtenstein<\/option><option value=\"LT\">Lituanie<\/option><option value=\"LU\">Luxembourg<\/option><option value=\"MO\">Macao<\/option><option value=\"MK\">Mac\u00e9doine<\/option><option value=\"MG\">Madagascar<\/option><option value=\"MW\">Malawi<\/option><option value=\"MY\">Malaisie<\/option><option value=\"MV\">Maldives<\/option><option value=\"ML\">Mali<\/option><option value=\"MT\">Malte<\/option><option value=\"MH\">\u00celes Marshall<\/option><option value=\"MQ\">Martinique<\/option><option value=\"MR\">Mauritanie<\/option><option value=\"MU\">Maurice<\/option><option value=\"YT\">Mayotte<\/option><option value=\"MX\">Mexique<\/option><option value=\"FM\">Micron\u00e9sie<\/option><option value=\"MD\">Moldavie<\/option><option value=\"MC\">Monaco<\/option><option value=\"MN\">Mongolie<\/option><option value=\"ME\">Mont\u00e9n\u00e9gro<\/option><option value=\"MS\">Montserrat<\/option><option value=\"MA\">Maroc<\/option><option value=\"MZ\">Mozambique<\/option><option value=\"MM\">Myanmar<\/option><option value=\"NA\">Namibie<\/option><option value=\"NR\">Nauru<\/option><option value=\"NP\">N\u00e9pal<\/option><option value=\"NL\">Pays-Bas<\/option><option value=\"NC\">Nouvelle-Cal\u00e9donie<\/option><option value=\"NZ\">Nouvelle-Z\u00e9lande<\/option><option value=\"NI\">Nicaragua<\/option><option value=\"NE\">Niger<\/option><option value=\"NG\">Nig\u00e9ria<\/option><option value=\"NU\">Niue<\/option><option value=\"NF\">\u00cele Norfolk<\/option><option value=\"KP\">Cor\u00e9e du Nord<\/option><option value=\"MP\">Mariannes du Nord (\u00celes)<\/option><option value=\"NO\">Norv\u00e8ge<\/option><option value=\"OM\">Oman<\/option><option value=\"PK\">Pakistan<\/option><option value=\"PW\">Palau<\/option><option value=\"PS\">Territoire palestinien<\/option><option value=\"PA\">Panama<\/option><option value=\"PG\">Papouasie-Nouvelle-Guin\u00e9e<\/option><option value=\"PY\">Paraguay<\/option><option value=\"PE\">P\u00e9rou<\/option><option value=\"PH\">Philippines<\/option><option value=\"PN\">Pitcairn<\/option><option value=\"PL\">Pologne<\/option><option value=\"PT\">Portugal<\/option><option value=\"PR\">Porto Rico<\/option><option value=\"QA\">Qatar<\/option><option value=\"CG\">R\u00e9publique du Congo<\/option><option value=\"RE\">R\u00e9union<\/option><option value=\"RO\">Roumanie<\/option><option value=\"RU\">Russie<\/option><option value=\"RW\">Rwanda<\/option><option value=\"BL\">Saint-Barth\u00e9lemy<\/option><option value=\"SH\">Sainte-H\u00e9l\u00e8ne<\/option><option value=\"KN\">Saint-Kitts-et-Nevis<\/option><option value=\"LC\">Sainte-Lucie<\/option><option value=\"MF\">Saint Martin<\/option><option value=\"PM\">Saint-Pierre et Miquelon<\/option><option value=\"VC\">Saint-Vincent-et-les-Grenadines<\/option><option value=\"WS\">Samoa<\/option><option value=\"SM\">Saint-Marin<\/option><option value=\"ST\">Sao Tom\u00e9 et Principe<\/option><option value=\"SA\">Arabie Saoudite<\/option><option value=\"SN\">S\u00e9n\u00e9gal<\/option><option value=\"RS\">Serbie<\/option><option value=\"SC\">Seychelles<\/option><option value=\"SL\">Sierra Leone<\/option><option value=\"SG\">Singapour<\/option><option value=\"SX\">Saint-Martin<\/option><option value=\"SK\">Slovaquie<\/option><option value=\"SI\">Slov\u00e9nie<\/option><option value=\"SB\">\u00celes Salomon<\/option><option value=\"SO\">Somalie<\/option><option value=\"ZA\">Afrique du Sud<\/option><option value=\"GS\">G\u00e9orgie du Sud et \u00eeles Sandwich du Sud<\/option><option value=\"KR\">Cor\u00e9e du Sud<\/option><option value=\"SS\">Sud Soudan<\/option><option value=\"ES\">Espagne<\/option><option value=\"LK\">Sri Lanka<\/option><option value=\"SD\">Soudan<\/option><option value=\"SR\">Suriname<\/option><option value=\"SJ\">Svalbard et Jan Mayen<\/option><option value=\"SZ\">Swaziland<\/option><option value=\"SE\">Su\u00e8de<\/option><option value=\"CH\">Suisse<\/option><option value=\"SY\">Syrie<\/option><option value=\"TW\">Ta\u00efwan<\/option><option value=\"TJ\">Tadjikistan<\/option><option value=\"TZ\">Tanzanie<\/option><option value=\"TH\">Tha\u00eflande<\/option><option value=\"TG\">Togo<\/option><option value=\"TK\">Tokelau<\/option><option value=\"TO\">Tonga<\/option><option value=\"TT\">Trinit\u00e9-et-Tobago<\/option><option value=\"TN\">Tunisie<\/option><option value=\"TR\">Turquie<\/option><option value=\"TM\">Turkm\u00e9nistan<\/option><option value=\"TC\">\u00celes Turks et Caicos<\/option><option value=\"TV\">Tuvalu<\/option><option value=\"VI\">\u00celes Vierges am\u00e9ricaines<\/option><option value=\"UG\">Ouganda<\/option><option value=\"UA\">Ukraine<\/option><option value=\"AE\">\u00c9mirats arabes unis<\/option><option value=\"GB\">Royaume-Uni<\/option><option value=\"US\">\u00c9tats-Unis<\/option><option value=\"UM\">\u00celes mineures \u00e9loign\u00e9es des \u00c9tats-Unis<\/option><option value=\"UY\">Uruguay<\/option><option value=\"UZ\">Ouzb\u00e9kistan<\/option><option value=\"VU\">Vanuatu<\/option><option value=\"VA\">Vatican<\/option><option value=\"VE\">Venezuela<\/option><option value=\"VN\">Vietnam<\/option><option value=\"WF\">Wallis et Futuna<\/option><option value=\"EH\">Sahara occidental<\/option><option value=\"YE\">Y\u00e9men<\/option><option value=\"ZM\">Zambie<\/option><option value=\"ZW\">Zimbabwe<\/option>\n\t\t\t\t<\/select><\/li><li class=\"wppb-form-field wppb-recaptcha wppb-recaptcha-v2\" id=\"wppb-form-element-16\"><label for=\"recaptcha_response_field\"><span class=\"wppb-required\" title=\"Ce champ est obligatoire\">*<\/span><\/label><div id=\"wppb-recaptcha-element-pb_register1\" class=\"wppb-recaptcha-element\"><\/div><\/li><\/ul><ul><\/ul><\/ul>\t\t\t<p class=\"form-submit\"  >\n\t\t\t\t                \t\t\t\t<input name=\"register\" type=\"submit\" id=\"register\" class=\"submit button\" value=\"Registre\" \/>\n                <input name=\"redirect_to\" type=\"hidden\" value=\"\" \/>\n                \t\t\t\t<input name=\"action\" type=\"hidden\" id=\"action\" value=\"register\" \/>\n\t\t\t\t<input name=\"form_name\" type=\"hidden\" id=\"form_name\" value=\"unspecified\" \/>\n\t\t\t\t<input name=\"form_id\" type=\"hidden\" id=\"form_id\" value=\"\" \/>\n\t\t\t\t<input type=\"hidden\" name=\"wppb_referer_url\" value=\"\"\/>\t\t\t<\/p><!-- .form-submit -->\n\t\t\t<input type=\"hidden\" id=\"register_unspecified_nonce_field\" name=\"register_unspecified_nonce_field\" value=\"182f54387d\" \/><input type=\"hidden\" name=\"_wp_http_referer\" value=\"\/fr\/wp-json\/wp\/v2\/pages\/5056\" \/>\t\t<input type=\"hidden\" name=\"trp-form-language\" value=\"fr\"\/><\/form>\n\t\t<\/div>\n<\/div>\n\t\t\t\t\t\t<\/div>\n\t\t\t\t\t<\/div>\n\t\t<\/div>\n\t\t\t\t\t<\/div><\/div>\r\n\t\t<\/section>\r\n\t\t\t\t\t<\/div>\n\t\t<\/div>\n\t\t\t\t\t<\/div><\/div>\r\n\t\t<\/section>\r\n\t\t\t\t<\/div>","protected":false},"excerpt":{"rendered":"<p>REJOIGNEZ MAGIC TOWNS ALBANIA Acc\u00e8s gratuit \u00e0 des informations exclusives Pourquoi s'inscrire ? Articles Premium : Plongez dans un contenu r\u00e9dig\u00e9 par des experts sur la vie en...<\/p>","protected":false},"author":1,"featured_media":0,"parent":0,"menu_order":0,"comment_status":"closed","ping_status":"closed","template":"elementor_header_footer","meta":{"_acf_changed":false,"_helpful_status":1,"footnotes":""},"class_list":["post-5056","page","type-page","status-publish"],"acf":[],"_links":{"self":[{"href":"https:\/\/magictowns.al\/fr\/wp-json\/wp\/v2\/pages\/5056","targetHints":{"allow":["GET"]}}],"collection":[{"href":"https:\/\/magictowns.al\/fr\/wp-json\/wp\/v2\/pages"}],"about":[{"href":"https:\/\/magictowns.al\/fr\/wp-json\/wp\/v2\/types\/page"}],"author":[{"embeddable":true,"href":"https:\/\/magictowns.al\/fr\/wp-json\/wp\/v2\/users\/1"}],"replies":[{"embeddable":true,"href":"https:\/\/magictowns.al\/fr\/wp-json\/wp\/v2\/comments?post=5056"}],"version-history":[{"count":31,"href":"https:\/\/magictowns.al\/fr\/wp-json\/wp\/v2\/pages\/5056\/revisions"}],"predecessor-version":[{"id":26932,"href":"https:\/\/magictowns.al\/fr\/wp-json\/wp\/v2\/pages\/5056\/revisions\/26932"}],"wp:attachment":[{"href":"https:\/\/magictowns.al\/fr\/wp-json\/wp\/v2\/media?parent=5056"}],"curies":[{"name":"wp","href":"https:\/\/api.w.org\/{rel}","templated":true}]}}