{"id":3335,"date":"2024-01-08T12:35:56","date_gmt":"2024-01-08T11:35:56","guid":{"rendered":"https:\/\/magictowns.al\/?page_id=3335"},"modified":"2025-07-03T15:26:51","modified_gmt":"2025-07-03T13:26:51","slug":"politique-de-confidentialite","status":"publish","type":"page","link":"https:\/\/magictowns.al\/fr\/privacy-policy\/","title":{"rendered":"Politique de confidentialit\u00e9"},"content":{"rendered":"<div class=\"wp-block-rank-math-toc-block\" id=\"rank-math-toc\"><h2>Table des mati\u00e8res<\/h2><nav><ul><li><a href=\"#definitions\">D\u00e9finitions<\/a><\/li><li><a href=\"#information-we-collect\">Informations collect\u00e9es<\/a><\/li><li><a href=\"#additional-information\">Informations compl\u00e9mentaires<\/a><\/li><li><a href=\"#information-automatically-collected-by-using-the-platform\">Informations collect\u00e9es automatiquement lors de l'utilisation de la plate-forme<\/a><\/li><li><a href=\"#information-collected-from-third-parties\">Informations recueillies aupr\u00e8s de tiers<\/a><\/li><li><a href=\"#how-we-use-collected-information\">Comment nous utilisons les informations collect\u00e9es<\/a><ul><li><a href=\"#provide-improve-and-develop-the-platform\">Fournir, am\u00e9liorer et d\u00e9velopper la plate-forme<\/a><\/li><li><a href=\"#provide-personalize-measure-and-improve-our-advertising-and-marketing\">Fournir, personnaliser, mesurer et am\u00e9liorer notre publicit\u00e9 et notre marketing<\/a><\/li><\/ul><\/li><li><a href=\"#linking-third-party-accounts\">Liaison de comptes de tiers<\/a><\/li><li><a href=\"#provide-payment-services\">Fournir des services de paiement<\/a><\/li><li><a href=\"#sharing-between-users\">Partage entre utilisateurs<\/a><ul><li><a href=\"#between-clients-and-experts\">Entre clients et experts :<\/a><\/li><li><a href=\"#expert-to-expert-communication\">Communication d'expert \u00e0 expert :<\/a><\/li><li><a href=\"#experts-service-providers\">Experts Prestataires de services<\/a><\/li><li><a href=\"#windup-of-operations-and-business-transfers\">Liquidation des activit\u00e9s et transferts d'entreprises<\/a><\/li><\/ul><\/li><li><a href=\"#third-party-partners-integrations\">Partenaires tiers et int\u00e9grations<\/a><\/li><li><a href=\"#exercising-your-rights\">Exercer ses droits<\/a><\/li><\/ul><\/nav><\/div>\n\n\n\n<p>La mission de Magic Towns est de permettre aux expatri\u00e9s, aux retrait\u00e9s et, plus largement, aux voyageurs du monde entier, de s'installer dans diff\u00e9rents pays en toute s\u00e9curit\u00e9 et transparence. Ce faisant, nous visons \u00e0 construire une communaut\u00e9 fond\u00e9e sur la confiance et le professionnalisme. L'une des pierres angulaires de cette confiance est la transparence sur la mani\u00e8re dont nous utilisons vos informations et la protection de votre droit fondamental \u00e0 la vie priv\u00e9e.<\/p>\n\n\n\n<p>La pr\u00e9sente politique de confidentialit\u00e9 d\u00e9crit la mani\u00e8re dont la soci\u00e9t\u00e9 et ses filiales (\"nous\", \"notre\" ou \"nos\") traitent les informations personnelles dans le cadre de votre utilisation de notre plateforme. En fonction de votre localisation et de la mani\u00e8re dont vous interagissez avec notre Plateforme, des conditions de confidentialit\u00e9 suppl\u00e9mentaires peuvent s'appliquer \u00e0 vous. Veuillez suivre les liens et consulter les informations compl\u00e9mentaires qui d\u00e9crivent la mani\u00e8re dont nous traitons les informations personnelles dans ces circonstances sp\u00e9cifiques.<\/p>\n\n\n\n<p>La pr\u00e9sente politique de confidentialit\u00e9 peut \u00eatre disponible en plusieurs langues. La seule version \u00e0 laquelle il convient de se r\u00e9f\u00e9rer est la version anglaise (UK). D'autres langues peuvent \u00eatre fournies pour des raisons de commodit\u00e9 uniquement. En utilisant la plate-forme, vous acceptez explicitement cette disposition.<\/p>\n\n\n\n<h3 id=\"definitions\" class=\"wp-block-heading\">D\u00e9finitions<\/h3>\n\n\n\n<p>Les termes non d\u00e9finis dans la pr\u00e9sente politique de confidentialit\u00e9 ont la m\u00eame d\u00e9finition que dans nos conditions de service (\"conditions\").<\/p>\n\n\n\n<h3 id=\"information-we-collect\" class=\"wp-block-heading\">Informations collect\u00e9es<\/h3>\n\n\n\n<p>Nous recueillons des informations personnelles vous concernant lorsque vous utilisez notre Plateforme. Sans ces informations, nous pourrions ne pas \u00eatre en mesure de fournir tous les services demand\u00e9s. Ces informations comprennent :<\/p>\n\n\n\n<p><strong>Informations sur les contacts, les comptes et les profils<\/strong>: Comme votre pr\u00e9nom, votre nom, votre num\u00e9ro de t\u00e9l\u00e9phone, votre adresse postale, votre adresse \u00e9lectronique, votre date de naissance et votre photo de profil, dont certains d\u00e9pendent des fonctions que vous utilisez.<\/p>\n\n\n\n<p><strong>V\u00e9rification de l'identit\u00e9 et informations de paiement<\/strong>: Par exemple, des images de votre pi\u00e8ce d'identit\u00e9 d\u00e9livr\u00e9e par le gouvernement (dans la mesure o\u00f9 les lois applicables le permettent), votre num\u00e9ro d'identification ou d'autres informations de v\u00e9rification, ainsi que des informations relatives \u00e0 votre compte bancaire ou de paiement. Si une copie de votre pi\u00e8ce d'identit\u00e9 nous est fournie, nous pouvons scanner, utiliser et stocker les informations contenues dans votre pi\u00e8ce d'identit\u00e9 pour v\u00e9rifier votre identit\u00e9 et \u00e0 des fins de s\u00e9curit\u00e9.<\/p>\n\n\n\n<h3 id=\"additional-information\" class=\"wp-block-heading\">Informations compl\u00e9mentaires<\/h3>\n\n\n\n<p>Vous pouvez choisir de nous fournir des informations personnelles suppl\u00e9mentaires. Ces informations peuvent comprendre<\/p>\n\n\n\n<p><strong>Informations compl\u00e9mentaires sur le profil<\/strong>: Comme le sexe, la (les) langue(s) pr\u00e9f\u00e9r\u00e9e(s), la ville et la description personnelle. Certaines de ces informations, comme indiqu\u00e9 dans les param\u00e8tres de votre compte, font partie de votre page de profil public et seront visibles par le public.<\/p>\n\n\n\n<p><strong>Informations sur les autres<\/strong>: Par exemple, un instrument de paiement appartenant \u00e0 une autre personne. En nous fournissant des informations personnelles sur d'autres personnes, vous certifiez que vous avez l'autorisation de fournir ces informations aux fins d\u00e9crites dans la pr\u00e9sente politique de confidentialit\u00e9.<\/p>\n\n\n\n<p><strong>Autres informations<\/strong>: Par exemple, lorsque vous remplissez un formulaire, ajoutez des informations \u00e0 votre compte, r\u00e9pondez \u00e0 des enqu\u00eates, publiez sur des forums communautaires, participez \u00e0 des promotions, communiquez avec le service d'assistance et d'autres utilisateurs, ou partagez votre exp\u00e9rience avec nous. Vous comprenez que des conversations comprenant des informations personnelles, y compris, mais sans s'y limiter, votre situation fiscale, peuvent \u00eatre stock\u00e9es sur notre Plateforme.<\/p>\n\n\n\n<h3 id=\"information-automatically-collected-by-using-the-platform\" class=\"wp-block-heading\">Informations collect\u00e9es automatiquement lors de l'utilisation de la plate-forme<\/h3>\n\n\n\n<p>Lorsque vous utilisez notre plate-forme, nous recueillons automatiquement des informations personnelles et autres. Ces informations peuvent inclure :<\/p>\n\n\n\n<p><strong>Informations sur la g\u00e9olocalisation<\/strong>: Telle que la localisation pr\u00e9cise ou approximative d\u00e9termin\u00e9e \u00e0 partir de votre adresse IP, du GPS de votre appareil mobile ou autre, ou d'autres informations que vous partagez avec nous, en fonction des param\u00e8tres de votre appareil.<\/p>\n\n\n\n<p><strong>Informations sur l'utilisation<\/strong>: Tels que les pages ou le contenu que vous consultez, les recherches que vous effectuez et d'autres actions sur la plate-forme.<\/p>\n\n\n\n<p><strong>Donn\u00e9es d'enregistrement et informations sur les appareils<\/strong>: Par exemple, des d\u00e9tails sur la mani\u00e8re dont vous avez utilis\u00e9 la plateforme, l'adresse IP, les dates et heures d'acc\u00e8s, des informations sur le mat\u00e9riel et les logiciels, des informations sur l'appareil, des identifiants uniques, des donn\u00e9es de collision et les pages que vous avez consult\u00e9es ou sur lesquelles vous vous \u00eates engag\u00e9 avant ou apr\u00e8s l'utilisation de la plateforme. Nous pouvons collecter ces informations m\u00eame si vous n'avez pas cr\u00e9\u00e9 de compte ou ne vous \u00eates pas connect\u00e9.<\/p>\n\n\n\n<p><strong>Cookies et technologies similaires<\/strong><\/p>\n\n\n\n<p><strong>Informations sur les op\u00e9rations de paiement<\/strong>: La m\u00e9thode de paiement utilis\u00e9e, la date et l'heure, le montant du paiement, la date d'expiration de la m\u00e9thode de paiement et le code postal de facturation, ainsi que d'autres d\u00e9tails relatifs \u00e0 la transaction.<\/p>\n\n\n\n<h3 id=\"information-collected-from-third-parties\" class=\"wp-block-heading\"><strong>Informations recueillies aupr\u00e8s de tiers<\/strong><\/h3>\n\n\n\n<p>Nous collectons des informations personnelles \u00e0 partir d'autres sources, telles que :<\/p>\n\n\n\n<p><strong>Services de tiers<\/strong>: Si vous cr\u00e9ez un lien, vous vous connectez \u00e0 notre Plateforme avec un service tiers (par exemple, Google, Facebook), vous demandez \u00e0 ce service de nous envoyer des informations telles que vos donn\u00e9es d'inscription et de profil, telles que contr\u00f4l\u00e9es par ce service ou autoris\u00e9es par vous via vos param\u00e8tres de confidentialit\u00e9 sur ce service.<\/p>\n\n\n\n<p><strong>Experts et gestion des comptes<\/strong>: Les experts qui ont acc\u00e8s \u00e0 notre plateforme peuvent soumettre des informations personnelles afin de faciliter la gestion de leur compte et de g\u00e9rer leur relation avec vous dans le cadre de cette plateforme.<\/p>\n\n\n\n<p><strong>Renvois<\/strong>: Si vous \u00eates invit\u00e9 \u00e0 utiliser notre plate-forme, la personne qui vous a invit\u00e9 peut soumettre des informations personnelles vous concernant, telles que votre adresse \u00e9lectronique ou d'autres informations de contact.<\/p>\n\n\n\n<p><strong>Note<\/strong>: Comme expliqu\u00e9 dans nos Conditions G\u00e9n\u00e9rales, la Plateforme n'offre pas de conseils juridiques ou fiscaux, et toute information fournie par Magic AI ne doit pas \u00eatre consid\u00e9r\u00e9e comme un conseil personnel. Seul l'avis d'un expert qualifi\u00e9 doit \u00eatre pris en compte. Magic Towns est indemnis\u00e9e pour toute erreur ou omission dans le Contenu disponible sur la Plateforme ou fourni par Magic AI.<\/p>\n\n\n\n<h3 id=\"how-we-use-collected-information\" class=\"wp-block-heading\">Comment nous utilisons les informations collect\u00e9es<\/h3>\n\n\n\n<p>Nous utilisons les informations personnelles d\u00e9crites dans la pr\u00e9sente politique de confidentialit\u00e9 \u00e0 diverses fins afin de fournir et d'am\u00e9liorer nos services.<\/p>\n\n\n\n<h3 class=\"wp-block-heading\" id=\"provide-improve-and-develop-the-platform\">Fournir, am\u00e9liorer et d\u00e9velopper la plate-forme<\/h3>\n\n\n\n<p>Nous pouvons traiter ces informations pour<\/p>\n\n\n\n<ul class=\"wp-block-list\">\n<li>vous permettre d'acc\u00e9der \u00e0 la plateforme et d'effectuer et de recevoir des paiements<\/li>\n\n\n\n<li>vous permettre de communiquer avec d'autres utilisateurs et experts<\/li>\n\n\n\n<li>Traiter votre demande d'informations ou de services<\/li>\n\n\n\n<li>Effectuer des analyses, des d\u00e9bogages et mener des recherches<\/li>\n\n\n\n<li>Fournir une formation au service \u00e0 la client\u00e8le<\/li>\n\n\n\n<li>vous envoyer des messages, des mises \u00e0 jour, des alertes de s\u00e9curit\u00e9 et des notifications de compte<\/li>\n\n\n\n<li>Traiter, g\u00e9rer ou \u00e9valuer les demandes d'indemnisation d'assurance ou autres<\/li>\n\n\n\n<li>personnaliser votre exp\u00e9rience en fonction de vos interactions avec la plate-forme, de votre historique de recherche et de consultation, de vos informations de profil et de vos pr\u00e9f\u00e9rences, ainsi que d'autres contenus que vous soumettez<\/li>\n\n\n\n<li>Fournir des r\u00e9sum\u00e9s de vos consultations \u00e0 vous-m\u00eame et aux experts avec lesquels vous travaillez.<\/li>\n<\/ul>\n\n\n\n<p>Si vous nous fournissez des informations sur vos contacts, nous pouvons traiter ces informations pour :<\/p>\n\n\n\n<ul class=\"wp-block-list\">\n<li>Faciliter vos invitations de parrainage<\/li>\n\n\n\n<li>r\u00e9pondre \u00e0 vos demandes ou \u00e0 toute autre fin que vous autorisez<\/li>\n\n\n\n<li>Respecter les obligations l\u00e9gales<\/li>\n\n\n\n<li>Nous pouvons traiter ces informations pour<\/li>\n\n\n\n<li>se conformer \u00e0 nos obligations l\u00e9gales si et quand les entit\u00e9s gouvernementales nous le demandent<\/li>\n\n\n\n<li>r\u00e9soudre les litiges avec nos utilisateurs, y compris partager des informations sur les litiges li\u00e9s \u00e0 vos interactions avec les experts<\/li>\n\n\n\n<li>se conformer \u00e0 la loi, r\u00e9pondre aux demandes l\u00e9gales, pr\u00e9venir les dommages et prot\u00e9ger nos droits<\/li>\n\n\n\n<li>Faire respecter nos conditions et autres politiques<\/li>\n<\/ul>\n\n\n\n<p>Dans des cas limit\u00e9s, des processus automatis\u00e9s pourraient restreindre ou suspendre votre acc\u00e8s \u00e0 la plate-forme si ces processus d\u00e9tectent une activit\u00e9 susceptible de poser un risque de s\u00e9curit\u00e9 ou autre \u00e0 la soci\u00e9t\u00e9, \u00e0 notre communaut\u00e9 ou \u00e0 des tiers.<\/p>\n\n\n\n<h3 class=\"wp-block-heading\" id=\"provide-personalize-measure-and-improve-our-advertising-and-marketing\">Fournir, personnaliser, mesurer et am\u00e9liorer notre publicit\u00e9 et notre marketing<\/h3>\n\n\n\n<p>Nous pouvons traiter ces informations pour<\/p>\n\n\n\n<ul class=\"wp-block-list\">\n<li>vous envoyer des messages promotionnels, du marketing, de la publicit\u00e9 et d'autres informations en fonction de vos pr\u00e9f\u00e9rences<\/li>\n\n\n\n<li>Personnaliser, mesurer et am\u00e9liorer notre publicit\u00e9<\/li>\n\n\n\n<li>administrer des programmes de recommandation, des r\u00e9compenses, des enqu\u00eates, des loteries, des concours ou d'autres activit\u00e9s ou \u00e9v\u00e9nements promotionnels<\/li>\n\n\n\n<li>Analyser les caract\u00e9ristiques et les pr\u00e9f\u00e9rences afin de vous envoyer des messages promotionnels, du marketing, de la publicit\u00e9 et d'autres informations susceptibles de vous int\u00e9resser.<\/li>\n\n\n\n<li>Vous inviter \u00e0 des \u00e9v\u00e9nements et \u00e0 des opportunit\u00e9s pertinentes<\/li>\n\n\n\n<li>Analyser et partager vos communications<\/li>\n<\/ul>\n\n\n\n<p>Nous pouvons examiner, scanner ou analyser vos communications sur la plate-forme pour les raisons d\u00e9crites dans la section \"Comment nous utilisons les informations que nous recueillons\" de la pr\u00e9sente politique. Cela comprend :<\/p>\n\n\n\n<ul class=\"wp-block-list\">\n<li>Pr\u00e9vention de la fraude<\/li>\n\n\n\n<li>Enqu\u00eates de s\u00e9curit\u00e9<\/li>\n\n\n\n<li>\u00c9valuation des risques<\/li>\n\n\n\n<li>Conformit\u00e9 r\u00e9glementaire<\/li>\n\n\n\n<li>D\u00e9veloppement de produits<\/li>\n\n\n\n<li>Recherche et analyse<\/li>\n\n\n\n<li>Application de nos conditions d'utilisation<\/li>\n\n\n\n<li>Soutien \u00e0 la client\u00e8le<\/li>\n<\/ul>\n\n\n\n<p>Nous utilisons des m\u00e9thodes automatis\u00e9es dans la mesure du possible. Dans certains cas, un examen manuel des communications peut s'av\u00e9rer n\u00e9cessaire pour les enqu\u00eates sur les fraudes et l'assistance \u00e0 la client\u00e8le. Nous n'examinerons pas, ne scannerons pas et n'analyserons pas vos communications de messagerie pour vous envoyer des messages de marketing de tiers. Nous pouvons \u00e9galement partager vos communications comme indiqu\u00e9 dans la section \"Partage et divulgation\".<\/p>\n\n\n\n<h3 id=\"linking-third-party-accounts\" class=\"wp-block-heading\">Liaison de comptes de tiers<\/h3>\n\n\n\n<p>Vous pouvez relier votre compte \u00e0 certains services de tiers. Lorsque vous dirigez le partage des donn\u00e9es en cr\u00e9ant ce lien :<\/p>\n\n\n\n<ul class=\"wp-block-list\">\n<li>Certaines de ces informations peuvent \u00eatre publi\u00e9es sur votre profil public.<\/li>\n\n\n\n<li>D'autres utilisateurs peuvent \u00eatre en mesure de voir des contacts ou des groupes communs.<\/li>\n\n\n\n<li>Les informations que vous fournissez par le biais de ce lien peuvent \u00eatre stock\u00e9es, trait\u00e9es et transmises \u00e0 des fins de pr\u00e9vention de la fraude, d'enqu\u00eates de s\u00e9curit\u00e9 et d'\u00e9valuation des risques<\/li>\n<\/ul>\n\n\n\n<h3 id=\"provide-payment-services\" class=\"wp-block-heading\">Fournir des services de paiement<\/h3>\n\n\n\n<p>Les informations personnelles sont utilis\u00e9es pour permettre \u00e0 des tiers d'utiliser les services de paiement ou pour les autoriser \u00e0 le faire, par exemple :<\/p>\n\n\n\n<ul class=\"wp-block-list\">\n<li>D\u00e9tecter et pr\u00e9venir le blanchiment d'argent, la fraude, les abus et les incidents de s\u00e9curit\u00e9<\/li>\n\n\n\n<li>Respecter les obligations l\u00e9gales et de conformit\u00e9<\/li>\n\n\n\n<li>Faire respecter les conditions de paiement et les autres politiques de paiement<\/li>\n\n\n\n<li>Fournir et am\u00e9liorer les services de paiement<\/li>\n\n\n\n<li>Partage des informations<\/li>\n\n\n\n<li>Partage avec votre consentement ou selon vos instructions<\/li>\n<\/ul>\n\n\n\n<p>Lorsque vous donnez votre consentement, nous partageons vos informations comme d\u00e9crit au moment du consentement. Cela peut \u00eatre le cas lorsque vous autorisez une application tierce \u00e0 acc\u00e9der \u00e0 votre compte ou lorsque vous participez \u00e0 des activit\u00e9s promotionnelles organis\u00e9es par nos partenaires ou des tiers.<\/p>\n\n\n\n<p>Lorsque la loi applicable l'autorise, nous pouvons utiliser certaines informations anonymes vous concernant, telles que votre adresse \u00e9lectronique, pour g\u00e9n\u00e9rer des prospects, g\u00e9n\u00e9rer du trafic vers la Plateforme ou promouvoir nos produits et services.<\/p>\n\n\n\n<h3 id=\"sharing-between-users\" class=\"wp-block-heading\">Partage entre utilisateurs<\/h3>\n\n\n\n<p>Pour faciliter les consultations ou autres interactions entre les utilisateurs (qui peuvent se trouver dans des juridictions ayant des niveaux diff\u00e9rents de protection des donn\u00e9es), nous pouvons partager des informations dans les situations suivantes :<\/p>\n\n\n\n<h3 class=\"wp-block-heading\" id=\"between-clients-and-experts\">Entre clients et experts :<\/h3>\n\n\n\n<p>Lorsqu'une demande de consultation est faite ou qu'un litige survient, certaines informations telles que le profil, le nom, l'issue du litige et d'autres informations que vous choisissez de partager seront disponibles.<\/p>\n\n\n\n<p>Une fois la consultation confirm\u00e9e, des informations suppl\u00e9mentaires telles que votre photo de profil et vos coordonn\u00e9es sont partag\u00e9es afin de faciliter la coordination de la consultation.<\/p>\n\n\n\n<h3 class=\"wp-block-heading\" id=\"expert-to-expert-communication\">Communication d'expert \u00e0 expert :<\/h3>\n\n\n\n<p>Lorsque vous acceptez une invitation \u00e0 collaborer avec un autre expert, vous autorisez ce dernier \u00e0 acc\u00e9der \u00e0 vos informations. Il peut s'agir de votre nom complet, de vos coordonn\u00e9es, de votre calendrier et de votre adresse \u00e9lectronique, ainsi que d'informations relatives \u00e0 des consultations ant\u00e9rieures.<\/p>\n\n\n\n<h3 class=\"wp-block-heading\" id=\"experts-service-providers\">Experts Prestataires de services<\/h3>\n\n\n\n<p>Les Experts peuvent utiliser des services tiers pour les aider \u00e0 g\u00e9rer ou \u00e0 fournir leurs services, tels que des logiciels de prise de rendez-vous ou des plateformes de r\u00e9unions virtuelles. Les Experts peuvent utiliser des fonctions de la Plateforme pour partager des informations sur le Client (comme l'heure de la consultation, le nom du Client, le num\u00e9ro de t\u00e9l\u00e9phone du Client) avec ces fournisseurs de services tiers.<\/p>\n\n\n\n<h3 class=\"wp-block-heading\" id=\"windup-of-operations-and-business-transfers\">Liquidation des activit\u00e9s et transferts d'entreprises<\/h3>\n\n\n\n<p>Si la soci\u00e9t\u00e9 est impliqu\u00e9e dans une fusion, une acquisition, une r\u00e9organisation, une vente d'actifs, une faillite ou un \u00e9v\u00e9nement d'insolvabilit\u00e9, nous pouvons alors vendre, transf\u00e9rer ou partager tout ou partie de nos actifs, y compris vos informations, dans le cadre d'une telle transaction ou en pr\u00e9vision d'une telle transaction (par exemple, due diligence). Dans ce cas, nous vous informerons avant que vos informations personnelles ne soient transf\u00e9r\u00e9es et soumises \u00e0 une politique de confidentialit\u00e9 diff\u00e9rente.<\/p>\n\n\n\n<h3 id=\"third-party-partners-integrations\" class=\"wp-block-heading\">Partenaires tiers et int\u00e9grations<\/h3>\n\n\n\n<p>La plate-forme peut renvoyer \u00e0 des services de tiers. La soci\u00e9t\u00e9 ne poss\u00e8de ni ne contr\u00f4le ces tiers. Lorsque vous interagissez avec ces tiers et que vous choisissez d'utiliser leurs services, vous leur fournissez vos informations. Votre utilisation de ces services est soumise aux politiques de confidentialit\u00e9 de ces fournisseurs.<\/p>\n\n\n\n<h3 id=\"exercising-your-rights\" class=\"wp-block-heading\">Exercer ses droits<\/h3>\n\n\n\n<p>Vous pouvez exercer n'importe lequel des droits d\u00e9crits dans la pr\u00e9sente section, conform\u00e9ment \u00e0 la l\u00e9gislation applicable. Nous pouvons vous demander de v\u00e9rifier votre identit\u00e9 et votre demande avant de prendre d'autres mesures. Vous pouvez utiliser la section \"Nous contacter\" du site web pour envoyer votre demande.<\/p>","protected":false},"excerpt":{"rendered":"<p>La mission de Magic Towns est de permettre aux expatri\u00e9s, aux retrait\u00e9s et, plus largement, aux voyageurs du monde entier, de s'installer dans diff\u00e9rents pays en toute s\u00e9curit\u00e9...<\/p>","protected":false},"author":1,"featured_media":0,"parent":0,"menu_order":0,"comment_status":"closed","ping_status":"closed","template":"","meta":{"_acf_changed":false,"_helpful_status":1,"footnotes":""},"class_list":["post-3335","page","type-page","status-publish"],"acf":[],"_links":{"self":[{"href":"https:\/\/magictowns.al\/fr\/wp-json\/wp\/v2\/pages\/3335","targetHints":{"allow":["GET"]}}],"collection":[{"href":"https:\/\/magictowns.al\/fr\/wp-json\/wp\/v2\/pages"}],"about":[{"href":"https:\/\/magictowns.al\/fr\/wp-json\/wp\/v2\/types\/page"}],"author":[{"embeddable":true,"href":"https:\/\/magictowns.al\/fr\/wp-json\/wp\/v2\/users\/1"}],"replies":[{"embeddable":true,"href":"https:\/\/magictowns.al\/fr\/wp-json\/wp\/v2\/comments?post=3335"}],"version-history":[{"count":4,"href":"https:\/\/magictowns.al\/fr\/wp-json\/wp\/v2\/pages\/3335\/revisions"}],"predecessor-version":[{"id":26214,"href":"https:\/\/magictowns.al\/fr\/wp-json\/wp\/v2\/pages\/3335\/revisions\/26214"}],"wp:attachment":[{"href":"https:\/\/magictowns.al\/fr\/wp-json\/wp\/v2\/media?parent=3335"}],"curies":[{"name":"wp","href":"https:\/\/api.w.org\/{rel}","templated":true}]}}