{"id":21193,"date":"2024-06-03T17:34:40","date_gmt":"2024-06-03T15:34:40","guid":{"rendered":"https:\/\/magictowns.al\/?page_id=21193"},"modified":"2025-07-14T18:02:12","modified_gmt":"2025-07-14T16:02:12","slug":"consultation-gratuite","status":"publish","type":"page","link":"https:\/\/magictowns.al\/fr\/free-consultation\/","title":{"rendered":"Consultation gratuite"},"content":{"rendered":"\t\t<div data-elementor-type=\"wp-page\" data-elementor-id=\"21193\" class=\"elementor elementor-21193\" data-elementor-post-type=\"page\">\n\t\t\t\t\t\t<section class=\"elementor-section elementor-top-section elementor-element elementor-element-48ba66f0 elementor-section-boxed elementor-section-height-default elementor-section-height-default\" data-id=\"48ba66f0\" data-element_type=\"section\" data-e-type=\"section\" data-settings=\"{&quot;background_background&quot;:&quot;classic&quot;}\">\r\n\t\t\t\t\t\t\t<div class=\"elementor-background-overlay\"><\/div>\r\n\t\t\t\t\t\t\t<div class=\"elementor-container elementor-column-gap-thegem\"><div class=\"elementor-row\">\r\n\t\t\t\t\t<div class=\"elementor-column elementor-col-100 elementor-top-column elementor-element elementor-element-4985e30f\" data-id=\"4985e30f\" data-element_type=\"column\" data-e-type=\"column\">\n\t\t\t<div class=\"elementor-widget-wrap elementor-element-populated\">\n\t\t\t\t\t\t<div class=\"elementor-element elementor-element-14229b75 flex-horizontal-align-default flex-horizontal-align-tablet-default flex-horizontal-align-mobile-default flex-vertical-align-default flex-vertical-align-tablet-default flex-vertical-align-mobile-default elementor-widget elementor-widget-text-editor\" data-id=\"14229b75\" data-element_type=\"widget\" data-e-type=\"widget\" data-widget_type=\"text-editor.default\">\n\t\t\t\t\t\t\t\t\t\t\t\t<div class=\"elementor-text-editor elementor-clearfix\">\r\n\t\t\t\t\t\t<h1><span style=\"color: #ffffff;\"><span style=\"color: #ffa801;\">Free <\/span><\/span>Consultation<\/h1>\t\t\t\t\t\t\t<\/div>\r\n\t\t\t\t\t\t\t\t\t\t<\/div>\n\t\t\t\t<div class=\"elementor-element elementor-element-b23ad86 elementor-widget__width-initial flex-horizontal-align-default flex-horizontal-align-tablet-default flex-horizontal-align-mobile-default flex-vertical-align-default flex-vertical-align-tablet-default flex-vertical-align-mobile-default elementor-widget elementor-widget-heading\" data-id=\"b23ad86\" data-element_type=\"widget\" data-e-type=\"widget\" data-widget_type=\"heading.default\">\n\t\t\t\t\t<div class=\"styled-subtitle elementor-heading-title elementor-size-default\">At Magic Towns, we understand that moving to a new place is not just about changing your address but also about transporting your life and dreams to a new environment. That's why we offer a comprehensive suite of services designed to make your relocation as smooth and hassle-free as possible. Discover how we can assist you in making your next big move.\n\n<\/div>\t\t\t\t<\/div>\n\t\t\t\t\t<\/div>\n\t\t<\/div>\n\t\t\t\t\t<\/div><\/div>\r\n\t\t<\/section>\r\n\t\t\t\t<section class=\"elementor-section elementor-top-section elementor-element elementor-element-37cf6209 elementor-section-boxed elementor-section-height-default elementor-section-height-default\" data-id=\"37cf6209\" data-element_type=\"section\" data-e-type=\"section\">\r\n\t\t\t\t\t\t\t<div class=\"elementor-background-overlay\"><\/div>\r\n\t\t\t\t\t\t\t<div class=\"elementor-container elementor-column-gap-thegem\"><div class=\"elementor-row\">\r\n\t\t\t\t\t<div class=\"elementor-column elementor-col-100 elementor-top-column elementor-element elementor-element-27c04f06\" data-id=\"27c04f06\" data-element_type=\"column\" data-e-type=\"column\">\n\t\t\t<div class=\"elementor-widget-wrap elementor-element-populated\">\n\t\t\t\t\t\t<div class=\"elementor-element elementor-element-27b370c2 flex-horizontal-align-default flex-horizontal-align-tablet-default flex-horizontal-align-mobile-default flex-vertical-align-default flex-vertical-align-tablet-default flex-vertical-align-mobile-default elementor-widget elementor-widget-text-editor\" data-id=\"27b370c2\" data-element_type=\"widget\" data-e-type=\"widget\" data-widget_type=\"text-editor.default\">\n\t\t\t\t\t\t\t\t\t\t\t\t<div class=\"elementor-text-editor elementor-clearfix\">\r\n\t\t\t\t\t\t<h2>Get In Touch With Our Local Experts<\/h2>\t\t\t\t\t\t\t<\/div>\r\n\t\t\t\t\t\t\t\t\t\t<\/div>\n\t\t\t\t<div class=\"elementor-element elementor-element-65c71712 flex-horizontal-align-default flex-horizontal-align-tablet-default flex-horizontal-align-mobile-default flex-vertical-align-default flex-vertical-align-tablet-default flex-vertical-align-mobile-default elementor-widget elementor-widget-heading\" data-id=\"65c71712\" data-element_type=\"widget\" data-e-type=\"widget\" data-widget_type=\"heading.default\">\n\t\t\t\t\t<div class=\"styled-subtitle elementor-heading-title elementor-size-default\">Magic AI is here to help you book a free consultation with our Albania experts. Please specify your needs and Magic AI will do the rest.\n<\/div>\t\t\t\t<\/div>\n\t\t\t\t<div class=\"elementor-element elementor-element-8e64a72 flex-horizontal-align-default flex-horizontal-align-tablet-default flex-horizontal-align-mobile-default flex-vertical-align-default flex-vertical-align-tablet-default flex-vertical-align-mobile-default elementor-widget elementor-widget-shortcode\" data-id=\"8e64a72\" data-element_type=\"widget\" data-e-type=\"widget\" data-widget_type=\"shortcode.default\">\n\t\t\t\t\t\t\t<div class=\"elementor-shortcode\"><div class='mwai-chatbot-container' data-params='{&quot;aiName&quot;:&quot;MAGIC AI&quot;,&quot;userName&quot;:&quot;User&quot;,&quot;guestName&quot;:&quot;Guest:&quot;,&quot;textSend&quot;:&quot;Send&quot;,&quot;textClear&quot;:&quot;Clear&quot;,&quot;mode&quot;:&quot;chat&quot;,&quot;textInputPlaceholder&quot;:&quot;Type your message...&quot;,&quot;textInputMaxLength&quot;:512,&quot;textCompliance&quot;:&quot;This is a virtual assistant. It is super smart and will relay your query to a human if necessary. However, it can make mistakes. The chat is stored according to our privacy policy in order to allow us to service you.&quot;,&quot;startSentence&quot;:&quot;Hello! I&#039;m the AI Assistant for Magic Towns. I am here to provide you with information about Albania, or to help you book an expert consultation.&quot;,&quot;localMemory&quot;:1,&quot;themeId&quot;:&quot;chatgpt&quot;,&quot;window&quot;:&quot;&quot;,&quot;icon&quot;:&quot;chat-color-blue.svg&quot;,&quot;iconText&quot;:&quot;Click me to chat now&quot;,&quot;iconTextDelay&quot;:1,&quot;iconAlt&quot;:&quot;AI Chatbot Avatar&quot;,&quot;iconPosition&quot;:&quot;bottom-right&quot;,&quot;iconBubble&quot;:&quot;&quot;,&quot;fullscreen&quot;:&quot;&quot;,&quot;copyButton&quot;:&quot;&quot;,&quot;headerSubtitle&quot;:&quot;Discuss with&quot;}' data-system='{&quot;botId&quot;:&quot;free-consultation&quot;,&quot;customId&quot;:&quot;4c280966484fdda7c400a862c619e974&quot;,&quot;userData&quot;:null,&quot;sessionId&quot;:&quot;69da23d48a75d&quot;,&quot;restNonce&quot;:null,&quot;contextId&quot;:21193,&quot;pluginUrl&quot;:&quot;https:\\\/\\\/magictowns.al\\\/wp-content\\\/plugins\\\/ai-engine-pro\\\/&quot;,&quot;restUrl&quot;:&quot;https:\\\/\\\/magictowns.al\\\/fr\\\/wp-json&quot;,&quot;stream&quot;:true,&quot;debugMode&quot;:true,&quot;eventLogs&quot;:true,&quot;speech_recognition&quot;:false,&quot;speech_synthesis&quot;:false,&quot;typewriter&quot;:false,&quot;virtual_keyboard_fix&quot;:false,&quot;actions&quot;:[],&quot;blocks&quot;:[],&quot;shortcuts&quot;:[]}' data-theme='{&quot;type&quot;:&quot;internal&quot;,&quot;name&quot;:&quot;ChatGPT&quot;,&quot;themeId&quot;:&quot;chatgpt&quot;,&quot;settings&quot;:{&quot;maxHeight&quot;:&quot;80vh&quot;,&quot;width&quot;:&quot;500px&quot;},&quot;style&quot;:&quot;&quot;}'><\/div>\n<\/div>\n\t\t\t\t\t\t<\/div>\n\t\t\t\t<div class=\"elementor-element elementor-element-bd2b163 flex-horizontal-align-default flex-horizontal-align-tablet-default flex-horizontal-align-mobile-default flex-vertical-align-default flex-vertical-align-tablet-default flex-vertical-align-mobile-default elementor-widget elementor-widget-html\" data-id=\"bd2b163\" data-element_type=\"widget\" data-e-type=\"widget\" data-widget_type=\"html.default\">\n\t\t\t\t\t<style>\nspan.wpcf7-list-item label span {\n    color: black;\n}\n\n.wpcf7-form span.wpcf7-list-item {\n    width: 100%;\n    margin-bottom: 5px;\n}\n\n.wpcf7-form span.wpcf7-list-item input[type=\"radio\"] {\n    height: 20px;\n    width: 20px;\n    margin-right: 10px;\n}\n\n.wpcf7-form span.wpcf7-list-item span.wpcf7-list-item-label {\n    top: -4px;\n    position: relative;\n}\n\n.wpcf7-form .wpcf7-form-control-wrap {\n    margin-bottom: 20px;\n}\n\n.wpcf7-form .wpcf7-form-control-wrap input.wpcf7-form-control {\n    background-color: transparent;\n    border: 1px solid black;\n    border-radius: 10px;\n}\n\nspan.wpcf7-list-item-label {\n    color: black;\n}\ninput[type=\"checkbox\"], input[type=\"radio\"] {\n    width: 20px;\n    height: 20px;\n    margin-right: 10px;\n}\n<\/style>\t\t\t\t<\/div>\n\t\t\t\t<div class=\"elementor-element elementor-element-971712e flex-horizontal-align-default flex-horizontal-align-tablet-default flex-horizontal-align-mobile-default flex-vertical-align-default flex-vertical-align-tablet-default flex-vertical-align-mobile-default elementor-widget elementor-widget-html\" data-id=\"971712e\" data-element_type=\"widget\" data-e-type=\"widget\" data-widget_type=\"html.default\">\n\t\t\t\t\t<script>\r\ndocument.addEventListener(\"DOMContentLoaded\", function () {\r\n  if (!document.body.classList.contains('logged-in')) {\r\n    localStorage.removeItem(\"mwai_chat_memory\");\r\n    sessionStorage.removeItem(\"mwai_chat_memory\");\r\n  }\r\n});\r\n<\/script>\r\n\t\t\t\t<\/div>\n\t\t\t\t\t<\/div>\n\t\t<\/div>\n\t\t\t\t\t<\/div><\/div>\r\n\t\t<\/section>\r\n\t\t\t\t<\/div>\n\t\t","protected":false},"excerpt":{"rendered":"<p>Consultation gratuite Chez Magic Towns, nous comprenons que d\u00e9m\u00e9nager ne se limite pas \u00e0 changer d'adresse...<\/p>","protected":false},"author":16,"featured_media":0,"parent":0,"menu_order":0,"comment_status":"closed","ping_status":"closed","template":"elementor_header_footer","meta":{"_acf_changed":false,"_helpful_status":1,"footnotes":""},"class_list":["post-21193","page","type-page","status-publish"],"acf":[],"_links":{"self":[{"href":"https:\/\/magictowns.al\/fr\/wp-json\/wp\/v2\/pages\/21193","targetHints":{"allow":["GET"]}}],"collection":[{"href":"https:\/\/magictowns.al\/fr\/wp-json\/wp\/v2\/pages"}],"about":[{"href":"https:\/\/magictowns.al\/fr\/wp-json\/wp\/v2\/types\/page"}],"author":[{"embeddable":true,"href":"https:\/\/magictowns.al\/fr\/wp-json\/wp\/v2\/users\/16"}],"replies":[{"embeddable":true,"href":"https:\/\/magictowns.al\/fr\/wp-json\/wp\/v2\/comments?post=21193"}],"version-history":[{"count":79,"href":"https:\/\/magictowns.al\/fr\/wp-json\/wp\/v2\/pages\/21193\/revisions"}],"predecessor-version":[{"id":26396,"href":"https:\/\/magictowns.al\/fr\/wp-json\/wp\/v2\/pages\/21193\/revisions\/26396"}],"wp:attachment":[{"href":"https:\/\/magictowns.al\/fr\/wp-json\/wp\/v2\/media?parent=21193"}],"curies":[{"name":"wp","href":"https:\/\/api.w.org\/{rel}","templated":true}]}}