{"id":20866,"date":"2024-05-23T19:54:16","date_gmt":"2024-05-23T17:54:16","guid":{"rendered":"https:\/\/magictowns.al\/?page_id=20866"},"modified":"2025-07-03T15:35:14","modified_gmt":"2025-07-03T13:35:14","slug":"connexion-4","status":"publish","type":"page","link":"https:\/\/magictowns.al\/fr\/my-account\/","title":{"rendered":"Mon compte"},"content":{"rendered":"<p>Il s'agit de la page des param\u00e8tres de votre compte. Si vous souhaitez discuter avec Magic AI et retrouver vos pr\u00e9c\u00e9dentes discussions avec Magic AI, vous pouvez le faire dans la section <a href=\"https:\/\/magictowns.al\/fr\/connexion-3\/\">Page de discussion Magic AI<\/a>.<\/p>\n\n\n<p class=\"warning\" id=\"wppb_edit_profile_user_not_logged_in_message\"><span class=\"wppb-alert-title\"><span class=\"wppb-alert-icon-container\"><img decoding=async data-opt-id=2062435109  fetchpriority=\"high\" src=\"https:\/\/ml4ds5noqxtv.i.optimole.com\/cb:nu7s.344e2\/w:auto\/h:auto\/q:mauto\/g:sm\/f:best\/https:\/\/magictowns.al\/wp-content\/plugins\/profile-builder-pro\/features\/form-designs\/icons\/form-design-warning-icon.png\" alt=\"avertissement\" title=\"\"><\/span>ATTENTION !<\/span>Vous devez \u00eatre connect\u00e9 pour modifier votre profil.<\/p>","protected":false},"excerpt":{"rendered":"<p>Il s'agit de la page des param\u00e8tres de votre compte. Si vous souhaitez discuter avec Magic AI et retrouver vos pr\u00e9c\u00e9dentes discussions...<\/p>","protected":false},"author":1,"featured_media":0,"parent":0,"menu_order":0,"comment_status":"closed","ping_status":"closed","template":"","meta":{"_acf_changed":false,"_helpful_status":1,"footnotes":""},"class_list":["post-20866","page","type-page","status-publish"],"acf":[],"_links":{"self":[{"href":"https:\/\/magictowns.al\/fr\/wp-json\/wp\/v2\/pages\/20866","targetHints":{"allow":["GET"]}}],"collection":[{"href":"https:\/\/magictowns.al\/fr\/wp-json\/wp\/v2\/pages"}],"about":[{"href":"https:\/\/magictowns.al\/fr\/wp-json\/wp\/v2\/types\/page"}],"author":[{"embeddable":true,"href":"https:\/\/magictowns.al\/fr\/wp-json\/wp\/v2\/users\/1"}],"replies":[{"embeddable":true,"href":"https:\/\/magictowns.al\/fr\/wp-json\/wp\/v2\/comments?post=20866"}],"version-history":[{"count":6,"href":"https:\/\/magictowns.al\/fr\/wp-json\/wp\/v2\/pages\/20866\/revisions"}],"predecessor-version":[{"id":27066,"href":"https:\/\/magictowns.al\/fr\/wp-json\/wp\/v2\/pages\/20866\/revisions\/27066"}],"wp:attachment":[{"href":"https:\/\/magictowns.al\/fr\/wp-json\/wp\/v2\/media?parent=20866"}],"curies":[{"name":"wp","href":"https:\/\/api.w.org\/{rel}","templated":true}]}}