{"id":5056,"date":"2024-01-23T17:11:29","date_gmt":"2024-01-23T16:11:29","guid":{"rendered":"https:\/\/magictowns.al\/?page_id=5056"},"modified":"2025-07-03T15:27:05","modified_gmt":"2025-07-03T13:27:05","slug":"registrieren","status":"publish","type":"page","link":"https:\/\/magictowns.al\/de\/register\/","title":{"rendered":"Register"},"content":{"rendered":"<div data-elementor-type=\"wp-page\" data-elementor-id=\"5056\" class=\"elementor elementor-5056\" data-elementor-post-type=\"page\">\n\t\t\t\t\t\t<section class=\"elementor-section elementor-top-section elementor-element elementor-element-71f83621 elementor-section-boxed elementor-section-height-default elementor-section-height-default\" data-id=\"71f83621\" data-element_type=\"section\" data-e-type=\"section\">\r\n\t\t\t\t\t\t<div class=\"elementor-container elementor-column-gap-thegem\"><div class=\"elementor-row\">\r\n\t\t\t\t\t<div class=\"elementor-column elementor-col-100 elementor-top-column elementor-element elementor-element-605d1318\" data-id=\"605d1318\" data-element_type=\"column\" data-e-type=\"column\">\n\t\t\t<div class=\"elementor-widget-wrap elementor-element-populated\">\n\t\t\t\t\t\t<section class=\"elementor-section elementor-inner-section elementor-element elementor-element-406d873c elementor-section-boxed elementor-section-height-default elementor-section-height-default\" data-id=\"406d873c\" data-element_type=\"section\" data-e-type=\"section\">\r\n\t\t\t\t\t\t<div class=\"elementor-container elementor-column-gap-thegem\"><div class=\"elementor-row\">\r\n\t\t\t\t\t<div class=\"elementor-column elementor-col-50 elementor-inner-column elementor-element elementor-element-25cd7ab4\" data-id=\"25cd7ab4\" data-element_type=\"column\" data-e-type=\"column\">\n\t\t\t<div class=\"elementor-widget-wrap elementor-element-populated\">\n\t\t\t\t\t\t<div class=\"elementor-element elementor-element-eee77f0 flex-horizontal-align-default flex-horizontal-align-tablet-default flex-horizontal-align-mobile-default flex-vertical-align-default flex-vertical-align-tablet-default flex-vertical-align-mobile-default elementor-widget elementor-widget-heading\" data-id=\"eee77f0\" data-element_type=\"widget\" data-e-type=\"widget\" data-widget_type=\"heading.default\">\n\t\t\t\t\t<h2 class=\"elementor-heading-title elementor-size-default\">BEITRETEN MAGISCHE ST\u00c4DTE ALBANIEN\n\n<\/h2>\t\t\t\t<\/div>\n\t\t\t\t<div class=\"elementor-element elementor-element-1fd91a8e flex-horizontal-align-default flex-horizontal-align-tablet-default flex-horizontal-align-mobile-default flex-vertical-align-default flex-vertical-align-tablet-default flex-vertical-align-mobile-default elementor-widget elementor-widget-heading\" data-id=\"1fd91a8e\" data-element_type=\"widget\" data-e-type=\"widget\" data-widget_type=\"heading.default\">\n\t\t\t\t\t<h1 class=\"elementor-heading-title elementor-size-default\">Kostenloser Zugang zu exklusiven Einblicken<\/h1>\t\t\t\t<\/div>\n\t\t\t\t<div class=\"elementor-element elementor-element-259301a flex-horizontal-align-default flex-horizontal-align-tablet-default flex-horizontal-align-mobile-default flex-vertical-align-default flex-vertical-align-tablet-default flex-vertical-align-mobile-default elementor-widget elementor-widget-text-editor\" data-id=\"259301a\" data-element_type=\"widget\" data-e-type=\"widget\" data-widget_type=\"text-editor.default\">\n\t\t\t\t\t\t\t\t\t\t\t\t<div class=\"elementor-text-editor elementor-clearfix\">\r\n\t\t\t\t\t\t<p class=\"styled-subtitle\">Warum registrieren?<\/p>\t\t\t\t\t\t\t<\/div>\r\n\t\t\t\t\t\t\t\t\t\t<\/div>\n\t\t\t\t<div class=\"elementor-element elementor-element-11af65a elementor-icon-list--layout-traditional elementor-list-item-link-full_width flex-horizontal-align-default flex-horizontal-align-tablet-default flex-horizontal-align-mobile-default flex-vertical-align-default flex-vertical-align-tablet-default flex-vertical-align-mobile-default elementor-widget elementor-widget-icon-list\" data-id=\"11af65a\" data-element_type=\"widget\" data-e-type=\"widget\" data-widget_type=\"icon-list.default\">\n\t\t\t\t\t\t\t<ul class=\"elementor-icon-list-items\">\n\t\t\t\t\t\t\t<li class=\"elementor-icon-list-item\">\n\t\t\t\t\t\t\t\t\t\t\t<span class=\"elementor-icon-list-icon\">\n\t\t\t\t\t\t\t<i aria-hidden=\"true\" class=\"gem-mdi mdi-checkbox-marked-outline\"><\/i>\t\t\t\t\t\t<\/span>\n\t\t\t\t\t\t\t\t\t\t<span class=\"elementor-icon-list-text\"><b>Premium-Artikel:<\/b> Tauchen Sie ein in die von Experten verfassten Inhalte \u00fcber das Leben in Albanien.<\/span>\n\t\t\t\t\t\t\t\t\t<\/li>\n\t\t\t\t\t\t\t\t<li class=\"elementor-icon-list-item\">\n\t\t\t\t\t\t\t\t\t\t\t<span class=\"elementor-icon-list-icon\">\n\t\t\t\t\t\t\t<i aria-hidden=\"true\" class=\"gem-mdi mdi-checkbox-marked-outline\"><\/i>\t\t\t\t\t\t<\/span>\n\t\t\t\t\t\t\t\t\t\t<span class=\"elementor-icon-list-text\"><b>Statistik der Stadt:<\/b> Greifen Sie auf ausf\u00fchrliche Daten zu Luftqualit\u00e4t, Klima und Immobilienpreisen zu.<\/span>\n\t\t\t\t\t\t\t\t\t<\/li>\n\t\t\t\t\t\t\t\t<li class=\"elementor-icon-list-item\">\n\t\t\t\t\t\t\t\t\t\t\t<span class=\"elementor-icon-list-icon\">\n\t\t\t\t\t\t\t<i aria-hidden=\"true\" class=\"gem-mdi mdi-checkbox-marked-outline\"><\/i>\t\t\t\t\t\t<\/span>\n\t\t\t\t\t\t\t\t\t\t<span class=\"elementor-icon-list-text\"><b>Regelm\u00e4\u00dfige Updates der Stadt:<\/b> Bleiben Sie auf dem Laufenden mit den neuesten Nachrichten und Tipps rund um das Thema Expat.<\/span>\n\t\t\t\t\t\t\t\t\t<\/li>\n\t\t\t\t\t\t<\/ul>\n\t\t\t\t\t\t<\/div>\n\t\t\t\t<div class=\"elementor-element elementor-element-fb704de flex-horizontal-align-default flex-horizontal-align-tablet-default flex-horizontal-align-mobile-default flex-vertical-align-default flex-vertical-align-tablet-default flex-vertical-align-mobile-default elementor-widget elementor-widget-text-editor\" data-id=\"fb704de\" data-element_type=\"widget\" data-e-type=\"widget\" data-widget_type=\"text-editor.default\">\n\t\t\t\t\t\t\t\t\t\t\t\t<div class=\"elementor-text-editor elementor-clearfix\">\r\n\t\t\t\t\t\t<div id=\"\" class=\"brz-css-jUyUq brz-wrapper\"><div class=\"brz-rich-text brz-rich-text__custom brz-css-pP6pD\" data-brz-custom-id=\"rQBHfjK33yLy\"><div data-brz-translate-text=\"1\"><p class=\"brz-text-lg-left brz-tp-lg-subtitle brz-css-z0foI\" data-uniq-id=\"yf6pV\" data-generated-css=\"brz-css-heeDu\"><em>Unsere detaillierten, datengest\u00fctzten Einblicke kosten uns Tausende von Euro allein an Datenquellen. Um die Qualit\u00e4t und Exklusivit\u00e4t unserer Inhalte zu wahren, sind einige Ressourcen nur f\u00fcr registrierte Mitglieder verf\u00fcgbar.<\/em><\/p><\/div><\/div><\/div>\t\t\t\t\t\t\t<\/div>\r\n\t\t\t\t\t\t\t\t\t\t<\/div>\n\t\t\t\t\t<\/div>\n\t\t<\/div>\n\t\t\t\t<div class=\"elementor-column elementor-col-50 elementor-inner-column elementor-element elementor-element-388b8660\" data-id=\"388b8660\" data-element_type=\"column\" data-e-type=\"column\">\n\t\t\t<div class=\"elementor-widget-wrap elementor-element-populated\">\n\t\t\t\t\t\t<div class=\"elementor-element elementor-element-4c137d9 flex-horizontal-align-default flex-horizontal-align-tablet-default flex-horizontal-align-mobile-default flex-vertical-align-default flex-vertical-align-tablet-default flex-vertical-align-mobile-default elementor-widget elementor-widget-shortcode\" data-id=\"4c137d9\" data-element_type=\"widget\" data-e-type=\"widget\" data-widget_type=\"shortcode.default\">\n\t\t\t\t\t\t\t<div class=\"elementor-shortcode\"><div id=\"wppb-form-style-3-wrapper\" class=\"wppb-register-account-form\">        <form enctype=\"multipart\/form-data\" method=\"post\" id=\"wppb-register-user\" class=\"wppb-user-forms wppb-register-user wppb-user-logged-out\" action=\"https:\/\/magictowns.al\/de\/wp-json\/wp\/v2\/pages\/5056\" data-trp-original-action=\"https:\/\/magictowns.al\/de\/wp-json\/wp\/v2\/pages\/5056\">\n\t\t\t<ul><li class=\"wppb-form-field wppb-default-e-mail wppb-form-text-field label-outside\" id=\"wppb-form-element-8\">\n\t\t\t<label for=\"email\">E-Mail<span class=\"wppb-required\" title=\"Dieses Feld ist erforderlich\">*<\/span><\/label>\n\t\t\t<input class=\"text-input default_field_email\" name=\"email\" maxlength=\"70\" type=\"email\" id=\"email\" value=\"\"   \/><\/li><li class=\"wppb-form-field wppb-default-password wppb-form-text-field label-outside\" id=\"wppb-form-element-12\"><div class=\"wppb-password-group\">\n\t\t\t\t<div class=\"wppb-password-subfield wppb-new-password-subfield\">\n\t\t\t\t\t<label for=\"passw1\">Passwort<span class=\"wppb-required\" title=\"Dieses Feld ist erforderlich\">*<\/span><\/label>\n\t\t            <span class=\"wppb-password-field-container\">\n\t\t\t\t\t    <input class=\"text-input\" name=\"passw1\" maxlength=\"70\" type=\"password\" id=\"passw1\" value=\"\" autocomplete=\"off\" \/>\n\t\t\t\t\t     <!-- add the HTML for the visibility toggle -->\n\t\t\t\t\t<\/span>\n\t\t\t\t<\/div><\/div><span class=\"wppb-description-delimiter\"> <br>Das Passwort muss eine Mindestst\u00e4rke von Medium haben<\/span><span id=\"pass-strength-result\">St\u00e4rkeanzeige<\/span>\n        <input type=\"hidden\" value=\"\" name=\"wppb_password_strength\" id=\"wppb_password_strength\"\/><\/li><li class=\"wppb-form-field wppb-default-repeat-password wppb-form-text-field label-outside\" id=\"wppb-form-element-13\">\n\t\t\t<label for=\"passw2\">Passwort wiederholen<span class=\"wppb-required\" title=\"Dieses Feld ist erforderlich\">*<\/span><\/label>\n\t\t\t<span class=\"wppb-password-field-container\">\n\t\t\t    <input class=\"text-input\" name=\"passw2\" maxlength=\"70\" type=\"password\" id=\"passw2\" value=\"\" autocomplete=\"off\" \/>\n\t\t\t     <!-- add the HTML for the visibility toggle -->\n\t\t\t<\/span><\/li><li class=\"wppb-form-field wppb-radio label-outside\" id=\"wppb-form-element-15\">\n\t\t\t\t<label for=\"intention_to_move\">Sind Sie nach Albanien umgezogen oder \u00fcberlegen Sie, dorthin zu ziehen?<\/label><ul class=\"wppb-radios\"><li><input value=\"Yes\" class=\"custom_field_radio\" id=\"yes_15\" name=\"intention_to_move\" type=\"radio\"   \/><label for=\"yes_15\" class=\"wppb-rc-value\">Ja<\/label><\/li><li><input value=\"No\" class=\"custom_field_radio\" id=\"no_15\" name=\"intention_to_move\" type=\"radio\"   \/><label for=\"no_15\" class=\"wppb-rc-value\">Nein<\/label><\/li><li><input value=\"Maybe\" class=\"custom_field_radio\" id=\"maybe_15\" name=\"intention_to_move\" type=\"radio\"   \/><label for=\"maybe_15\" class=\"wppb-rc-value\">Vielleicht<\/label><\/li><\/ul><span class=\"wppb-description-delimiter\">Optional. So k\u00f6nnen wir die Informationen auf Ihre Bed\u00fcrfnisse zuschneiden.<\/span><\/li><li class=\"wppb-form-field wppb-select-country wppb-form-select-field label-outside\" id=\"wppb-form-element-14\">\n\t\t\t\t<label for=\"country\">Aus welchem Land sind Sie umgezogen (oder werden Sie umziehen)?<\/label>\n\t\t\t\t<select name=\"country\" id=\"country\" class=\"custom_field_country_select\" ><option value=\"\">Land ausw\u00e4hlen<\/option><option value=\"AF\">Afghanistan<\/option><option value=\"AX\">\u00c5landinseln<\/option><option value=\"AL\">Albanien<\/option><option value=\"DZ\">Algerien<\/option><option value=\"AS\">Amerikanisch-Samoa<\/option><option value=\"AD\">Andorra<\/option><option value=\"AO\">Angola<\/option><option value=\"AI\">Anguilla<\/option><option value=\"AQ\">Antarktika<\/option><option value=\"AG\">Antigua und Barbuda<\/option><option value=\"AR\">Argentinien<\/option><option value=\"AM\">Armenien<\/option><option value=\"AW\">Aruba<\/option><option value=\"AU\">Australien<\/option><option value=\"AT\">\u00d6sterreich<\/option><option value=\"AZ\">Aserbaidschan<\/option><option value=\"BS\">Bahamas<\/option><option value=\"BH\">Bahrain<\/option><option value=\"BD\">Bangladesch<\/option><option value=\"BB\">Barbados<\/option><option value=\"BY\">Belarus<\/option><option value=\"BE\">Belgien<\/option><option value=\"BZ\">Belize<\/option><option value=\"BJ\">Benin<\/option><option value=\"BM\">Bermuda<\/option><option value=\"BT\">Bhutan<\/option><option value=\"BO\">Bolivien<\/option><option value=\"BQ\">Bonaire, Sint Eustatius und Saba<\/option><option value=\"BA\">Bosnien und Herzegowina<\/option><option value=\"BW\">Botswana<\/option><option value=\"BV\">Bouvetinsel<\/option><option value=\"BR\">Brasilien<\/option><option value=\"IO\">Britisches Territorium im Indischen Ozean<\/option><option value=\"VG\">Britische Jungferninseln<\/option><option value=\"BN\">Brunei<\/option><option value=\"BG\">Bulgarien<\/option><option value=\"BF\">Burkina Faso<\/option><option value=\"BI\">Burundi<\/option><option value=\"KH\">Kambodscha<\/option><option value=\"CM\">Kamerun<\/option><option value=\"CA\">Kanada<\/option><option value=\"CV\">Kap Verde<\/option><option value=\"KY\">Kaimaninseln<\/option><option value=\"CF\">Zentralafrikanische Republik<\/option><option value=\"TD\">Tschad<\/option><option value=\"CL\">Chile<\/option><option value=\"CN\">China<\/option><option value=\"CX\">Weihnachtsinsel<\/option><option value=\"CC\">Kokosinseln (Keelinginseln)<\/option><option value=\"CO\">Kolumbien<\/option><option value=\"KM\">Komoren<\/option><option value=\"CK\">Kochinseln<\/option><option value=\"CR\">Costa Rica<\/option><option value=\"HR\">Kroatien<\/option><option value=\"CU\">Kuba<\/option><option value=\"CW\">Cura\u00e7ao<\/option><option value=\"CY\">Zypern<\/option><option value=\"CZ\">Tschechien<\/option><option value=\"CD\">Demokratische Republik Kongo<\/option><option value=\"DK\">D\u00e4nemark<\/option><option value=\"DJ\">Dschibuti<\/option><option value=\"DM\">Dominica<\/option><option value=\"DO\">Dominikanische Republik<\/option><option value=\"TL\">Osttimor<\/option><option value=\"EC\">Ecuador<\/option><option value=\"EG\">\u00c4gypten<\/option><option value=\"SV\">El Salvador<\/option><option value=\"GQ\">\u00c4quatorialguinea<\/option><option value=\"ER\">Eritrea<\/option><option value=\"EE\">Estland<\/option><option value=\"ET\">\u00c4thiopien<\/option><option value=\"FK\">Falklandinseln<\/option><option value=\"FO\">F\u00e4r\u00f6er<\/option><option value=\"FJ\">Fidschi<\/option><option value=\"FI\">Finnland<\/option><option value=\"FR\">Frankreich<\/option><option value=\"GF\">Franz\u00f6sisch-Guayana<\/option><option value=\"PF\">Franz\u00f6sisch-Polynesien<\/option><option value=\"TF\">Franz\u00f6sische S\u00fcd- und Antarktisgebiete<\/option><option value=\"GA\">Gabun<\/option><option value=\"GM\">Gambia<\/option><option value=\"GE\">Georgien<\/option><option value=\"DE\">Deutschland<\/option><option value=\"GH\">Ghana<\/option><option value=\"GI\">Gibraltar<\/option><option value=\"GR\">Griechenland<\/option><option value=\"GL\">Gr\u00f6nland<\/option><option value=\"GD\">Grenada<\/option><option value=\"GP\">Guadeloupe<\/option><option value=\"GU\">Guam<\/option><option value=\"GT\">Guatemala<\/option><option value=\"GG\">Guernsey<\/option><option value=\"GN\">Guinea<\/option><option value=\"GW\">Guinea-Bissau<\/option><option value=\"GY\">Guyana<\/option><option value=\"HT\">Haiti<\/option><option value=\"HM\">Heardinseln und McDonaldinseln<\/option><option value=\"HN\">Honduras<\/option><option value=\"HK\">Hongkong<\/option><option value=\"HU\">Ungarn<\/option><option value=\"IS\">Insel<\/option><option value=\"IN\">Indien<\/option><option value=\"ID\">Indonesien<\/option><option value=\"IR\">Iran<\/option><option value=\"IQ\">Irak<\/option><option value=\"IE\">Irland<\/option><option value=\"IM\">Isle of Man<\/option><option value=\"IL\">Israel<\/option><option value=\"IT\">Italien<\/option><option value=\"CI\">Elfenbeink\u00fcste<\/option><option value=\"JM\">Jamaika<\/option><option value=\"JP\">Japan<\/option><option value=\"JE\">Jersey<\/option><option value=\"JO\">Jordanien<\/option><option value=\"KZ\">Kasachstan<\/option><option value=\"KE\">Kenia<\/option><option value=\"KI\">Kiribati<\/option><option value=\"XK\">Kosovo<\/option><option value=\"KW\">Kuwait<\/option><option value=\"KG\">Kirgisistan<\/option><option value=\"LA\">Laos<\/option><option value=\"LV\">Lettland<\/option><option value=\"LB\">Libanon<\/option><option value=\"LS\">Lesotho<\/option><option value=\"LR\">Liberia<\/option><option value=\"LY\">Libyen<\/option><option value=\"LI\">Liechtenstein<\/option><option value=\"LT\">Litauen<\/option><option value=\"LU\">Luxemburg<\/option><option value=\"MO\">Macau<\/option><option value=\"MK\">Nordmazedonien<\/option><option value=\"MG\">Madagaskar<\/option><option value=\"MW\">Malawi<\/option><option value=\"MY\">Malaysia<\/option><option value=\"MV\">Malediven<\/option><option value=\"ML\">Mali<\/option><option value=\"MT\">Malta<\/option><option value=\"MH\">Marshallinseln<\/option><option value=\"MQ\">Martinique<\/option><option value=\"MR\">Mauretanien<\/option><option value=\"MU\">Mauritius<\/option><option value=\"YT\">Mayotte<\/option><option value=\"MX\">Mexiko<\/option><option value=\"FM\">Mikronesien<\/option><option value=\"MD\">Moldau<\/option><option value=\"MC\">Monaco<\/option><option value=\"MN\">Mongolei<\/option><option value=\"ME\">Montenegro<\/option><option value=\"MS\">Montserrat<\/option><option value=\"MA\">Marokko<\/option><option value=\"MZ\">Mosambik<\/option><option value=\"MM\">Myanmar<\/option><option value=\"NA\">Namibia<\/option><option value=\"NR\">Nauru<\/option><option value=\"NP\">Nepal<\/option><option value=\"NL\">Niederlande<\/option><option value=\"NC\">Neukaledonien<\/option><option value=\"NZ\">Neuseeland<\/option><option value=\"NI\">Nicaragua<\/option><option value=\"NE\">Niger<\/option><option value=\"NG\">Nigeria<\/option><option value=\"NU\">Niue<\/option><option value=\"NF\">Norfolkinsel<\/option><option value=\"KP\">Nordkorea<\/option><option value=\"MP\">N\u00f6rdliche Marianen<\/option><option value=\"NO\">Norwegen<\/option><option value=\"OM\">Oman<\/option><option value=\"PK\">Pakistan<\/option><option value=\"PW\">Palau<\/option><option value=\"PS\">Pal\u00e4stinensische Autonomiegebiete<\/option><option value=\"PA\">Panama<\/option><option value=\"PG\">Papua-Neuguinea<\/option><option value=\"PY\">Paraguay<\/option><option value=\"PE\">Peru<\/option><option value=\"PH\">Philippinen<\/option><option value=\"PN\">Pitcairninseln<\/option><option value=\"PL\">Polen<\/option><option value=\"PT\">Portugal<\/option><option value=\"PR\">Puerto Rico<\/option><option value=\"QA\">Katar<\/option><option value=\"CG\">Republik Kongo<\/option><option value=\"RE\">R\u00e9union<\/option><option value=\"RO\">Rum\u00e4nien<\/option><option value=\"RU\">Russland<\/option><option value=\"RW\">Ruanda<\/option><option value=\"BL\">Saint-Barth\u00e9lemy<\/option><option value=\"SH\">Sankt Helena<\/option><option value=\"KN\">St. Kitts und Nevis<\/option><option value=\"LC\">St. Lucia<\/option><option value=\"MF\">St. Martin<\/option><option value=\"PM\">Saint-Pierre und Miquelon<\/option><option value=\"VC\">St. Vincent und die Grenadinen<\/option><option value=\"WS\">Samoa<\/option><option value=\"SM\">San Marino<\/option><option value=\"ST\">S\u00e3o Tom\u00e9 und Pr\u00edncipe<\/option><option value=\"SA\">Saudi-Arabien<\/option><option value=\"SN\">Senegal<\/option><option value=\"RS\">Serbien<\/option><option value=\"SC\">Seychellen<\/option><option value=\"SL\">Sierra Leone<\/option><option value=\"SG\">Singapur<\/option><option value=\"SX\">Sint Maarten<\/option><option value=\"SK\">Slowakei<\/option><option value=\"SI\">Slowenien<\/option><option value=\"SB\">Salomonen<\/option><option value=\"SO\">Somalia<\/option><option value=\"ZA\">S\u00fcdafrika<\/option><option value=\"GS\">S\u00fcdgeorgien und die S\u00fcdlichen Sandwichinseln<\/option><option value=\"KR\">S\u00fcdkorea<\/option><option value=\"SS\">S\u00fcdsudan<\/option><option value=\"ES\">Spanien<\/option><option value=\"LK\">Sri Lanka<\/option><option value=\"SD\">Sudan<\/option><option value=\"SR\">Surinam<\/option><option value=\"SJ\">Spitzbergen und Jan Mayen<\/option><option value=\"SZ\">Eswatini<\/option><option value=\"SE\">Schweden<\/option><option value=\"CH\">Schweiz<\/option><option value=\"SY\">Syrien<\/option><option value=\"TW\">Taiwan<\/option><option value=\"TJ\">Tadschikistan<\/option><option value=\"TZ\">Tansania<\/option><option value=\"TH\">Thailand<\/option><option value=\"TG\">Togo<\/option><option value=\"TK\">Tokelau<\/option><option value=\"TO\">Tonga<\/option><option value=\"TT\">Trinidad und Tobago<\/option><option value=\"TN\">Tunesien<\/option><option value=\"TR\">T\u00fcrkei<\/option><option value=\"TM\">Turkmenistan<\/option><option value=\"TC\">Turks- und Caicosinseln<\/option><option value=\"TV\">Tuvalu<\/option><option value=\"VI\">Amerikanische Jungferninseln<\/option><option value=\"UG\">Uganda<\/option><option value=\"UA\">Ukraine<\/option><option value=\"AE\">Vereinigte Arabische Emirate<\/option><option value=\"GB\">Vereinigtes K\u00f6nigreich<\/option><option value=\"US\">Vereinigte Staaten von Amerika<\/option><option value=\"UM\">Kleinere abgelegene Inseln der Vereinigten Staaten<\/option><option value=\"UY\">Uruguay<\/option><option value=\"UZ\">Usbekistan<\/option><option value=\"VU\">Vanuatu<\/option><option value=\"VA\">Vatikanstadt<\/option><option value=\"VE\">Venezuela<\/option><option value=\"VN\">Vietnam<\/option><option value=\"WF\">Wallis und Futuna<\/option><option value=\"EH\">Westsahara<\/option><option value=\"YE\">Jemen<\/option><option value=\"ZM\">Sambia<\/option><option value=\"ZW\">Simbabwe<\/option>\n\t\t\t\t<\/select><\/li><li class=\"wppb-form-field wppb-recaptcha wppb-recaptcha-v2\" id=\"wppb-form-element-16\"><label for=\"recaptcha_response_field\"><span class=\"wppb-required\" title=\"Dieses Feld ist erforderlich\">*<\/span><\/label><div id=\"wppb-recaptcha-element-pb_register1\" class=\"wppb-recaptcha-element\"><\/div><\/li><\/ul><ul><\/ul><\/ul>\t\t\t<p class=\"form-submit\"  >\n\t\t\t\t                \t\t\t\t<input name=\"register\" type=\"submit\" id=\"register\" class=\"submit button\" value=\"Registrieren\" \/>\n                <input name=\"redirect_to\" type=\"hidden\" value=\"\" \/>\n                \t\t\t\t<input name=\"action\" type=\"hidden\" id=\"action\" value=\"register\" \/>\n\t\t\t\t<input name=\"form_name\" type=\"hidden\" id=\"form_name\" value=\"unspecified\" \/>\n\t\t\t\t<input name=\"form_id\" type=\"hidden\" id=\"form_id\" value=\"\" \/>\n\t\t\t\t<input type=\"hidden\" name=\"wppb_referer_url\" value=\"\"\/>\t\t\t<\/p><!-- .form-submit -->\n\t\t\t<input type=\"hidden\" id=\"register_unspecified_nonce_field\" name=\"register_unspecified_nonce_field\" value=\"182f54387d\" \/><input type=\"hidden\" name=\"_wp_http_referer\" value=\"\/de\/wp-json\/wp\/v2\/pages\/5056\" \/>\t\t<input type=\"hidden\" name=\"trp-form-language\" value=\"de\"\/><\/form>\n\t\t<\/div>\n<\/div>\n\t\t\t\t\t\t<\/div>\n\t\t\t\t\t<\/div>\n\t\t<\/div>\n\t\t\t\t\t<\/div><\/div>\r\n\t\t<\/section>\r\n\t\t\t\t\t<\/div>\n\t\t<\/div>\n\t\t\t\t\t<\/div><\/div>\r\n\t\t<\/section>\r\n\t\t\t\t<\/div>","protected":false},"excerpt":{"rendered":"<p>JOIN MAGIC TOWNS ALBANIA Kostenloser Zugang zu exklusiven Einblicken Warum registrieren? Premium-Artikel: Tauchen Sie ein in von Experten verfasste Inhalte \u00fcber das Leben in...<\/p>","protected":false},"author":1,"featured_media":0,"parent":0,"menu_order":0,"comment_status":"closed","ping_status":"closed","template":"elementor_header_footer","meta":{"_acf_changed":false,"_helpful_status":1,"footnotes":""},"class_list":["post-5056","page","type-page","status-publish"],"acf":[],"_links":{"self":[{"href":"https:\/\/magictowns.al\/de\/wp-json\/wp\/v2\/pages\/5056","targetHints":{"allow":["GET"]}}],"collection":[{"href":"https:\/\/magictowns.al\/de\/wp-json\/wp\/v2\/pages"}],"about":[{"href":"https:\/\/magictowns.al\/de\/wp-json\/wp\/v2\/types\/page"}],"author":[{"embeddable":true,"href":"https:\/\/magictowns.al\/de\/wp-json\/wp\/v2\/users\/1"}],"replies":[{"embeddable":true,"href":"https:\/\/magictowns.al\/de\/wp-json\/wp\/v2\/comments?post=5056"}],"version-history":[{"count":31,"href":"https:\/\/magictowns.al\/de\/wp-json\/wp\/v2\/pages\/5056\/revisions"}],"predecessor-version":[{"id":26932,"href":"https:\/\/magictowns.al\/de\/wp-json\/wp\/v2\/pages\/5056\/revisions\/26932"}],"wp:attachment":[{"href":"https:\/\/magictowns.al\/de\/wp-json\/wp\/v2\/media?parent=5056"}],"curies":[{"name":"wp","href":"https:\/\/api.w.org\/{rel}","templated":true}]}}