{"id":3335,"date":"2024-01-08T12:35:56","date_gmt":"2024-01-08T11:35:56","guid":{"rendered":"https:\/\/magictowns.al\/?page_id=3335"},"modified":"2025-07-03T15:26:51","modified_gmt":"2025-07-03T13:26:51","slug":"datenschutzbestimmungen","status":"publish","type":"page","link":"https:\/\/magictowns.al\/de\/privacy-policy\/","title":{"rendered":"Datenschutzbestimmungen"},"content":{"rendered":"<div class=\"wp-block-rank-math-toc-block\" id=\"rank-math-toc\"><h2>Inhalts\u00fcbersicht<\/h2><nav><ul><li><a href=\"#definitions\">Definitionen<\/a><\/li><li><a href=\"#information-we-collect\">Gesammelte Informationen<\/a><\/li><li><a href=\"#additional-information\">Zus\u00e4tzliche Informationen<\/a><\/li><li><a href=\"#information-automatically-collected-by-using-the-platform\">Automatisch durch die Nutzung der Plattform gesammelte Informationen<\/a><\/li><li><a href=\"#information-collected-from-third-parties\">Von Drittparteien gesammelte Informationen<\/a><\/li><li><a href=\"#how-we-use-collected-information\">Wie wir gesammelte Informationen verwenden<\/a><ul><li><a href=\"#provide-improve-and-develop-the-platform\">Bereitstellen, Verbessern und Entwickeln der Plattform<\/a><\/li><li><a href=\"#provide-personalize-measure-and-improve-our-advertising-and-marketing\">Unsere Werbung und unser Marketing bereitstellen, personalisieren, messen und verbessern<\/a><\/li><\/ul><\/li><li><a href=\"#linking-third-party-accounts\">Verkn\u00fcpfung von Konten von Drittanbietern<\/a><\/li><li><a href=\"#provide-payment-services\">Bereitstellung von Zahlungsdiensten<\/a><\/li><li><a href=\"#sharing-between-users\">Gemeinsame Nutzung durch andere Benutzer<\/a><ul><li><a href=\"#between-clients-and-experts\">Zwischen Kunden und Experten:<\/a><\/li><li><a href=\"#expert-to-expert-communication\">Kommunikation von Fachleuten zu Fachleuten:<\/a><\/li><li><a href=\"#experts-service-providers\">Experten Dienstleistungsanbieter<\/a><\/li><li><a href=\"#windup-of-operations-and-business-transfers\">Aufl\u00f6sung von Betrieben und Unternehmens\u00fcbertragungen<\/a><\/li><\/ul><\/li><li><a href=\"#third-party-partners-integrations\">Partner von Drittanbietern &amp; Integrationen<\/a><\/li><li><a href=\"#exercising-your-rights\">Aus\u00fcbung Ihrer Rechte<\/a><\/li><\/ul><\/nav><\/div>\n\n\n\n<p>Magic Towns hat es sich zur Aufgabe gemacht, Expatriates, Rentner und im weiteren Sinne Weltreisende in die Lage zu versetzen, in Sicherheit und Transparenz in verschiedene L\u00e4nder zu ziehen. Dabei wollen wir eine Gemeinschaft aufbauen, die auf Vertrauen und Professionalit\u00e4t basiert. Ein Eckpfeiler dieses Vertrauens ist die Transparenz dar\u00fcber, wie wir Ihre Daten verwenden, und die Wahrung Ihres Grundrechts auf Privatsph\u00e4re.<\/p>\n\n\n\n<p>Diese Datenschutzrichtlinie beschreibt, wie das Unternehmen und seine Tochtergesellschaften (\"wir\", \"uns\" oder \"unser\") personenbezogene Daten im Zusammenhang mit Ihrer Nutzung unserer Plattform verarbeiten. Abh\u00e4ngig von Ihrem Standort und der Art und Weise, wie Sie mit unserer Plattform interagieren, k\u00f6nnen zus\u00e4tzliche Datenschutzbestimmungen f\u00fcr Sie gelten. Bitte folgen Sie den Links und lesen Sie die erg\u00e4nzenden Informationen, in denen beschrieben wird, wie wir personenbezogene Daten unter diesen spezifischen Umst\u00e4nden verarbeiten.<\/p>\n\n\n\n<p>Diese Datenschutzrichtlinie kann in mehreren Sprachen verf\u00fcgbar sein. Die einzige Version, auf die Bezug genommen werden sollte, ist die englische (UK) Version. Andere Sprachen k\u00f6nnen nur der Einfachheit halber zur Verf\u00fcgung gestellt werden. Durch die Nutzung der Plattform erkl\u00e4ren Sie sich ausdr\u00fccklich mit dieser Bestimmung einverstanden.<\/p>\n\n\n\n<h3 id=\"definitions\" class=\"wp-block-heading\">Definitionen<\/h3>\n\n\n\n<p>Undefinierte Begriffe in dieser Datenschutzrichtlinie haben die gleichen Definitionen wie in unseren Nutzungsbedingungen (\"Bedingungen\").<\/p>\n\n\n\n<h3 id=\"information-we-collect\" class=\"wp-block-heading\">Gesammelte Informationen<\/h3>\n\n\n\n<p>Wir sammeln pers\u00f6nliche Informationen \u00fcber Sie, wenn Sie unsere Plattform nutzen. Ohne diese Informationen sind wir m\u00f6glicherweise nicht in der Lage, alle gew\u00fcnschten Dienstleistungen zu erbringen. Diese Informationen umfassen:<\/p>\n\n\n\n<p><strong>Kontakt-, Konto- und Profilinformationen<\/strong>: Wie z.B. Ihr Vorname, Nachname, Telefonnummer, Postanschrift, E-Mail-Adresse, Geburtsdatum und Profilfoto, von denen einige von den von Ihnen genutzten Funktionen abh\u00e4ngen.<\/p>\n\n\n\n<p><strong>Identit\u00e4ts\u00fcberpr\u00fcfung und Zahlungsinformationen<\/strong>: Wie z.B. Bilder Ihres amtlichen Ausweises (soweit gesetzlich zul\u00e4ssig), Ihre Ausweisnummer oder andere Verifizierungsinformationen sowie Informationen \u00fcber Ihr Bankkonto oder Zahlungskonto. Wenn Sie uns eine Kopie Ihres Ausweises zur Verf\u00fcgung stellen, k\u00f6nnen wir die in Ihrem Ausweis enthaltenen Informationen scannen, verwenden und speichern, um Ihre Identit\u00e4t zu \u00fcberpr\u00fcfen und zu Sicherheitszwecken.<\/p>\n\n\n\n<h3 id=\"additional-information\" class=\"wp-block-heading\">Zus\u00e4tzliche Informationen<\/h3>\n\n\n\n<p>Sie haben die M\u00f6glichkeit, uns zus\u00e4tzliche personenbezogene Daten mitzuteilen. Diese Informationen k\u00f6nnen umfassen:<\/p>\n\n\n\n<p><strong>Zus\u00e4tzliche Profilinformationen<\/strong>: Zum Beispiel Geschlecht, bevorzugte Sprache(n), Stadt und pers\u00f6nliche Beschreibung. Einige dieser Informationen sind, wie in Ihren Kontoeinstellungen angegeben, Teil Ihrer \u00f6ffentlichen Profilseite und werden \u00f6ffentlich sichtbar sein.<\/p>\n\n\n\n<p><strong>Informationen \u00fcber andere<\/strong>: Zum Beispiel ein Zahlungsinstrument, das einer anderen Person geh\u00f6rt. Indem Sie uns personenbezogene Daten \u00fcber andere Personen zur Verf\u00fcgung stellen, best\u00e4tigen Sie, dass Sie die Erlaubnis haben, diese Daten f\u00fcr die in dieser Datenschutzrichtlinie beschriebenen Zwecke zur Verf\u00fcgung zu stellen.<\/p>\n\n\n\n<p><strong>Andere Informationen<\/strong>: Zum Beispiel, wenn Sie ein Formular ausf\u00fcllen, Informationen zu Ihrem Konto hinzuf\u00fcgen, auf Umfragen antworten, in Community-Foren posten, an Werbeaktionen teilnehmen, mit dem Support und anderen Nutzern kommunizieren oder Ihre Erfahrungen mit uns teilen. Sie nehmen zur Kenntnis, dass Konversationen mit pers\u00f6nlichen Informationen, einschlie\u00dflich, aber nicht beschr\u00e4nkt auf Ihre steuerliche Situation, auf unserer Plattform gespeichert werden k\u00f6nnen.<\/p>\n\n\n\n<h3 id=\"information-automatically-collected-by-using-the-platform\" class=\"wp-block-heading\">Automatisch durch die Nutzung der Plattform gesammelte Informationen<\/h3>\n\n\n\n<p>Wenn Sie unsere Plattform nutzen, sammeln wir automatisch pers\u00f6nliche und andere Informationen. Diese Informationen k\u00f6nnen umfassen:<\/p>\n\n\n\n<p><strong>Informationen zur Geolokalisierung<\/strong>: Wie z. B. der genaue oder ungef\u00e4hre Standort, der aus Ihrer IP-Adresse, dem GPS Ihres Mobiltelefons oder eines anderen Ger\u00e4ts ermittelt wird, oder andere Informationen, die Sie uns je nach den Einstellungen Ihres Ger\u00e4ts mitteilen.<\/p>\n\n\n\n<p><strong>Informationen zur Verwendung<\/strong>: Zum Beispiel die Seiten oder Inhalte, die Sie sich ansehen, Suchvorg\u00e4nge, die Sie durchf\u00fchren, und andere Aktionen auf der Plattform.<\/p>\n\n\n\n<p><strong>Protokolldaten und Ger\u00e4teinformationen<\/strong>: Dazu geh\u00f6ren Einzelheiten dar\u00fcber, wie Sie die Plattform genutzt haben, IP-Adresse, Zugriffsdaten und -zeiten, Hardware- und Softwareinformationen, Ger\u00e4teinformationen, eindeutige Kennungen, Absturzdaten und die Seiten, die Sie vor oder nach der Nutzung der Plattform angesehen oder aufgerufen haben. Wir k\u00f6nnen diese Informationen auch dann erfassen, wenn Sie kein Konto erstellt oder sich nicht angemeldet haben.<\/p>\n\n\n\n<p><strong>Cookies und \u00e4hnliche Technologien<\/strong><\/p>\n\n\n\n<p><strong>Informationen zum Zahlungsverkehr<\/strong>: Wie z.B. die verwendete Zahlungsmethode, Datum und Uhrzeit, Zahlungsbetrag, Ablaufdatum der Zahlungsmethode und Rechnungspostleitzahl sowie andere damit verbundene Transaktionsdetails.<\/p>\n\n\n\n<h3 id=\"information-collected-from-third-parties\" class=\"wp-block-heading\"><strong>Von Drittparteien gesammelte Informationen<\/strong><\/h3>\n\n\n\n<p>Wir sammeln personenbezogene Daten aus anderen Quellen, wie z. B.:<\/p>\n\n\n\n<p><strong>Dienstleistungen von Drittanbietern<\/strong>: Wenn Sie unsere Plattform mit einem Dienst eines Drittanbieters (z. B. Google, Facebook) verkn\u00fcpfen, verbinden oder sich bei ihr anmelden, weisen Sie den Dienst an, uns Informationen wie Ihre Registrierungs- und Profilinformationen zu senden, die von diesem Dienst kontrolliert werden oder von Ihnen \u00fcber Ihre Datenschutzeinstellungen bei diesem Dienst genehmigt wurden.<\/p>\n\n\n\n<p><strong>Experten und Account Management<\/strong>: Experten, die Zugang zu unserer Plattform haben, k\u00f6nnen personenbezogene Daten \u00fcbermitteln, um die Kontoverwaltung zu erleichtern und um ihre Beziehung zu Ihnen zu verwalten, wie es durch diese Plattform vermittelt wird.<\/p>\n\n\n\n<p><strong>Verweise<\/strong>: Wenn Sie zur Nutzung unserer Plattform eingeladen werden, kann die Person, die Sie eingeladen hat, pers\u00f6nliche Informationen \u00fcber Sie \u00fcbermitteln, wie z. B. Ihre E-Mail-Adresse oder andere Kontaktinformationen.<\/p>\n\n\n\n<p><strong>Hinweis<\/strong>: Wie in unseren Allgemeinen Gesch\u00e4ftsbedingungen n\u00e4her erl\u00e4utert, bietet die Plattform keine Rechts- oder Steuerberatung an, und alle von Magic AI bereitgestellten Informationen sollten nicht als pers\u00f6nliche Beratung betrachtet werden. Man sollte sich nur auf den Rat eines qualifizierten Experten verlassen. Magic Towns wird f\u00fcr alle Fehler und Auslassungen in den auf der Plattform verf\u00fcgbaren oder von Magic AI bereitgestellten Inhalten schadlos gehalten.<\/p>\n\n\n\n<h3 id=\"how-we-use-collected-information\" class=\"wp-block-heading\">Wie wir gesammelte Informationen verwenden<\/h3>\n\n\n\n<p>Wir verwenden personenbezogene Daten, wie in dieser Datenschutzrichtlinie beschrieben, f\u00fcr verschiedene Zwecke, um unsere Dienste bereitzustellen und zu verbessern.<\/p>\n\n\n\n<h3 class=\"wp-block-heading\" id=\"provide-improve-and-develop-the-platform\">Bereitstellen, Verbessern und Entwickeln der Plattform<\/h3>\n\n\n\n<p>Wir k\u00f6nnen diese Informationen verarbeiten, um:<\/p>\n\n\n\n<ul class=\"wp-block-list\">\n<li>Ihnen den Zugang zur Plattform zu erm\u00f6glichen und Zahlungen zu t\u00e4tigen und zu empfangen<\/li>\n\n\n\n<li>Sie k\u00f6nnen mit anderen Nutzern und Experten kommunizieren<\/li>\n\n\n\n<li>Bearbeitung Ihrer Anfrage nach Informationen oder Dienstleistungen<\/li>\n\n\n\n<li>Durchf\u00fchrung von Analysen, Fehlersuche und Forschung<\/li>\n\n\n\n<li>Schulungen f\u00fcr den Kundenservice anbieten<\/li>\n\n\n\n<li>Ihnen Nachrichten, Updates, Sicherheitswarnungen und Kontobenachrichtigungen senden<\/li>\n\n\n\n<li>Bearbeitung, Abwicklung oder Beurteilung von Versicherungs- oder sonstigen Anspr\u00fcchen<\/li>\n\n\n\n<li>Personalisierung und Anpassung Ihrer Erfahrungen auf der Grundlage Ihrer Interaktionen mit der Plattform, Ihrer Such- und Konsultationshistorie, Ihrer Profilinformationen und Pr\u00e4ferenzen sowie anderer von Ihnen \u00fcbermittelter Inhalte<\/li>\n\n\n\n<li>Ihnen und den Experten, mit denen Sie zusammenarbeiten, Zusammenfassungen Ihrer Beratungen zukommen lassen<\/li>\n<\/ul>\n\n\n\n<p>Wenn Sie uns die Daten Ihrer Kontakte zur Verf\u00fcgung stellen, k\u00f6nnen wir diese Daten verarbeiten, um:<\/p>\n\n\n\n<ul class=\"wp-block-list\">\n<li>Erleichtern Sie Ihre Einladungen zur Weiterempfehlung<\/li>\n\n\n\n<li>Erleichterung Ihrer Anfragen oder f\u00fcr jeden anderen von Ihnen genehmigten Zweck<\/li>\n\n\n\n<li>Gesetzliche Verpflichtungen einhalten<\/li>\n\n\n\n<li>Wir k\u00f6nnen diese Informationen verarbeiten, um:<\/li>\n\n\n\n<li>Erf\u00fcllung unserer gesetzlichen Verpflichtungen, falls und wenn wir von staatlichen Stellen dazu aufgefordert werden<\/li>\n\n\n\n<li>Beilegung von Streitigkeiten mit unseren Nutzern, einschlie\u00dflich der Weitergabe von Informationen \u00fcber Streitigkeiten im Zusammenhang mit Ihren Interaktionen mit Experten<\/li>\n\n\n\n<li>Einhaltung von Gesetzen, Beantwortung rechtlicher Anfragen, Verhinderung von Sch\u00e4den und Schutz unserer Rechte<\/li>\n\n\n\n<li>Durchsetzung unserer Nutzungsbedingungen und anderer Richtlinien<\/li>\n<\/ul>\n\n\n\n<p>In begrenzten F\u00e4llen k\u00f6nnen automatisierte Prozesse Ihren Zugang zur Plattform einschr\u00e4nken oder aussetzen, wenn solche Prozesse Aktivit\u00e4ten entdecken, die ein Sicherheits- oder sonstiges Risiko f\u00fcr das Unternehmen, unsere Community oder Dritte darstellen k\u00f6nnten.<\/p>\n\n\n\n<h3 class=\"wp-block-heading\" id=\"provide-personalize-measure-and-improve-our-advertising-and-marketing\">Unsere Werbung und unser Marketing bereitstellen, personalisieren, messen und verbessern<\/h3>\n\n\n\n<p>Wir k\u00f6nnen diese Informationen verarbeiten, um:<\/p>\n\n\n\n<ul class=\"wp-block-list\">\n<li>Ihnen Werbebotschaften, Marketing, Werbung und andere Informationen auf der Grundlage Ihrer Pr\u00e4ferenzen zu senden<\/li>\n\n\n\n<li>Personalisierung, Messung und Verbesserung unserer Werbung<\/li>\n\n\n\n<li>Verwaltung von Empfehlungsprogrammen, Belohnungen, Umfragen, Verlosungen, Wettbewerben oder anderen Werbeaktivit\u00e4ten oder -veranstaltungen<\/li>\n\n\n\n<li>Analyse von Merkmalen und Vorlieben, um Ihnen Werbebotschaften, Marketing, Werbung und andere Informationen zu senden, von denen wir glauben, dass sie f\u00fcr Sie von Interesse sein k\u00f6nnten<\/li>\n\n\n\n<li>Sie zu Veranstaltungen und relevanten Gelegenheiten einladen<\/li>\n\n\n\n<li>Analysieren und Weitergeben Ihrer Kommunikation<\/li>\n<\/ul>\n\n\n\n<p>Wir k\u00f6nnen Ihre Kommunikation auf der Plattform aus den im Abschnitt \"Wie wir gesammelte Informationen verwenden\" dieser Richtlinie beschriebenen Gr\u00fcnden \u00fcberpr\u00fcfen, scannen oder analysieren. Dies beinhaltet:<\/p>\n\n\n\n<ul class=\"wp-block-list\">\n<li>Betrugsbek\u00e4mpfung<\/li>\n\n\n\n<li>Sicherheitsuntersuchungen<\/li>\n\n\n\n<li>Risikobewertungen<\/li>\n\n\n\n<li>Einhaltung von Vorschriften<\/li>\n\n\n\n<li>Produktentwicklung<\/li>\n\n\n\n<li>Forschung und Analytik<\/li>\n\n\n\n<li>Durchsetzung unserer Servicebedingungen<\/li>\n\n\n\n<li>Kundenbetreuung<\/li>\n<\/ul>\n\n\n\n<p>Wir verwenden nach M\u00f6glichkeit automatisierte Methoden. In einigen F\u00e4llen kann eine manuelle \u00dcberpr\u00fcfung der Kommunikation f\u00fcr Betrugsermittlungen und Kundensupport erforderlich sein. Wir werden Ihre Nachrichten nicht \u00fcberpr\u00fcfen, scannen oder analysieren, um Ihnen Marketingnachrichten von Dritten zu senden. Wir k\u00f6nnen Ihre Mitteilungen auch weitergeben, wie im Abschnitt \"Weitergabe und Offenlegung\" dargelegt.<\/p>\n\n\n\n<h3 id=\"linking-third-party-accounts\" class=\"wp-block-heading\">Verkn\u00fcpfung von Konten von Drittanbietern<\/h3>\n\n\n\n<p>Sie k\u00f6nnen Ihr Konto mit bestimmten Diensten Dritter verkn\u00fcpfen. Wenn Sie die Datenfreigabe durch die Erstellung dieses Links steuern:<\/p>\n\n\n\n<ul class=\"wp-block-list\">\n<li>Einige der Informationen k\u00f6nnen in Ihrem \u00f6ffentlichen Profil ver\u00f6ffentlicht werden<\/li>\n\n\n\n<li>Andere Benutzer k\u00f6nnen m\u00f6glicherweise alle gemeinsamen Kontakte oder Gruppen sehen<\/li>\n\n\n\n<li>Informationen, die Sie \u00fcber diese Verkn\u00fcpfung zur Verf\u00fcgung stellen, k\u00f6nnen zur Betrugspr\u00e4vention, f\u00fcr Sicherheitsuntersuchungen und zur Risikobewertung gespeichert, verarbeitet und \u00fcbermittelt werden.<\/li>\n<\/ul>\n\n\n\n<h3 id=\"provide-payment-services\" class=\"wp-block-heading\">Bereitstellung von Zahlungsdiensten<\/h3>\n\n\n\n<p>Pers\u00f6nliche Informationen werden verwendet, um Dritten die Nutzung von Zahlungsdiensten zu erm\u00f6glichen oder zu genehmigen, z. B. um:<\/p>\n\n\n\n<ul class=\"wp-block-list\">\n<li>Aufdeckung und Verhinderung von Geldw\u00e4sche, Betrug, Missbrauch und Sicherheitsvorf\u00e4llen<\/li>\n\n\n\n<li>Einhaltung von rechtlichen und Compliance-Verpflichtungen<\/li>\n\n\n\n<li>Durchsetzung der Zahlungsbedingungen und anderer Zahlungsrichtlinien<\/li>\n\n\n\n<li>Bereitstellung und Verbesserung von Zahlungsdiensten<\/li>\n\n\n\n<li>Weitergabe Ihrer Informationen<\/li>\n\n\n\n<li>Weitergabe mit Ihrem Einverst\u00e4ndnis oder auf Ihre Anweisung<\/li>\n<\/ul>\n\n\n\n<p>Wenn Sie Ihre Zustimmung erteilen, geben wir Ihre Daten wie zum Zeitpunkt der Zustimmung beschrieben weiter. Dies kann der Fall sein, wenn Sie einer Drittanwendung den Zugriff auf Ihr Konto gestatten oder wenn Sie an Werbeaktionen unserer Partner oder Dritter teilnehmen.<\/p>\n\n\n\n<p>Soweit nach geltendem Recht zul\u00e4ssig, k\u00f6nnen wir bestimmte anonyme Informationen \u00fcber Sie, wie z. B. Ihre E-Mail-Adresse, verwenden, um Leads zu generieren, den Verkehr auf der Plattform zu f\u00f6rdern oder anderweitig f\u00fcr unsere Produkte und Dienstleistungen zu werben.<\/p>\n\n\n\n<h3 id=\"sharing-between-users\" class=\"wp-block-heading\">Gemeinsame Nutzung durch andere Benutzer<\/h3>\n\n\n\n<p>Zur Erleichterung von Konsultationen oder anderen Interaktionen zwischen Nutzern (die sich in L\u00e4ndern mit unterschiedlichem Datenschutzniveau befinden k\u00f6nnen), k\u00f6nnen wir in den folgenden Situationen Informationen weitergeben:<\/p>\n\n\n\n<h3 class=\"wp-block-heading\" id=\"between-clients-and-experts\">Zwischen Kunden und Experten:<\/h3>\n\n\n\n<p>Wenn eine Beratungsanfrage gestellt wird oder ein Streitfall auftritt, werden bestimmte Informationen wie Profil, Name, Ausgang des Streitfalls und andere Informationen, die Sie weitergeben m\u00f6chten, verf\u00fcgbar sein.<\/p>\n\n\n\n<p>Sobald ein Beratungstermin best\u00e4tigt ist, werden zus\u00e4tzliche Informationen wie Ihr Profilfoto und Ihre Kontaktdaten weitergegeben, um die Koordination der Beratung zu erleichtern.<\/p>\n\n\n\n<h3 class=\"wp-block-heading\" id=\"expert-to-expert-communication\">Kommunikation von Fachleuten zu Fachleuten:<\/h3>\n\n\n\n<p>Wenn Sie eine Einladung zur Zusammenarbeit mit einem anderen Experten annehmen, erm\u00e4chtigen Sie diese anderen Experten, auf Ihre Informationen zuzugreifen. Dies kann Ihren vollst\u00e4ndigen Namen, Ihre Kontaktdaten, Ihren Kalender und Ihre E-Mail-Adresse sowie Informationen aus fr\u00fcheren Konsultationen umfassen.<\/p>\n\n\n\n<h3 class=\"wp-block-heading\" id=\"experts-service-providers\">Experten Dienstleistungsanbieter<\/h3>\n\n\n\n<p>Experten k\u00f6nnen Dienstleistungen Dritter in Anspruch nehmen, um die Verwaltung oder Erbringung ihrer Dienstleistungen zu unterst\u00fctzen, wie z. B. Terminplanungssoftware oder Plattformen f\u00fcr virtuelle Treffen. Experten k\u00f6nnen Funktionen auf der Plattform nutzen, um Informationen \u00fcber den Kunden (wie Beratungszeit, Name des Kunden, Telefonnummer des Kunden) mit solchen Drittanbietern zu teilen.<\/p>\n\n\n\n<h3 class=\"wp-block-heading\" id=\"windup-of-operations-and-business-transfers\">Aufl\u00f6sung von Betrieben und Unternehmens\u00fcbertragungen<\/h3>\n\n\n\n<p>Wenn das Unternehmen an einer Fusion, \u00dcbernahme, Umstrukturierung, einem Verkauf von Verm\u00f6genswerten, einem Konkurs oder einer Insolvenz beteiligt ist, k\u00f6nnen wir einige oder alle unsere Verm\u00f6genswerte, einschlie\u00dflich Ihrer Daten, in Verbindung mit einer solchen Transaktion oder in Anbetracht einer solchen Transaktion (z. B. Due Diligence) verkaufen, \u00fcbertragen oder weitergeben. In diesem Fall werden wir Sie benachrichtigen, bevor Ihre pers\u00f6nlichen Daten \u00fcbertragen werden und einer anderen Datenschutzrichtlinie unterliegen.<\/p>\n\n\n\n<h3 id=\"third-party-partners-integrations\" class=\"wp-block-heading\">Partner von Drittanbietern &amp; Integrationen<\/h3>\n\n\n\n<p>Die Plattform kann Links zu Diensten Dritter enthalten. Das Unternehmen besitzt oder kontrolliert diese Drittparteien nicht. Wenn Sie mit diesen Drittanbietern interagieren und sich f\u00fcr die Nutzung ihrer Dienste entscheiden, stellen Sie ihnen Ihre Daten zur Verf\u00fcgung. Ihre Nutzung dieser Dienste unterliegt den Datenschutzrichtlinien der jeweiligen Anbieter.<\/p>\n\n\n\n<h3 id=\"exercising-your-rights\" class=\"wp-block-heading\">Aus\u00fcbung Ihrer Rechte<\/h3>\n\n\n\n<p>Sie k\u00f6nnen jedes der in diesem Abschnitt beschriebenen Rechte im Einklang mit dem geltenden Recht aus\u00fcben. Wir k\u00f6nnen Sie bitten, Ihre Identit\u00e4t und Ihre Anfrage zu \u00fcberpr\u00fcfen, bevor wir weitere Ma\u00dfnahmen ergreifen. Sie k\u00f6nnen Ihre Anfrage \u00fcber den Abschnitt \"Kontakt\" auf der Website \u00fcbermitteln.<\/p>","protected":false},"excerpt":{"rendered":"<p>Magic Towns hat es sich zur Aufgabe gemacht, Expats, Rentner und im weiteren Sinne auch Weltreisende in die Lage zu versetzen, sich in verschiedenen L\u00e4ndern in Sicherheit zu bewegen...<\/p>","protected":false},"author":1,"featured_media":0,"parent":0,"menu_order":0,"comment_status":"closed","ping_status":"closed","template":"","meta":{"_acf_changed":false,"_helpful_status":1,"footnotes":""},"class_list":["post-3335","page","type-page","status-publish"],"acf":[],"_links":{"self":[{"href":"https:\/\/magictowns.al\/de\/wp-json\/wp\/v2\/pages\/3335","targetHints":{"allow":["GET"]}}],"collection":[{"href":"https:\/\/magictowns.al\/de\/wp-json\/wp\/v2\/pages"}],"about":[{"href":"https:\/\/magictowns.al\/de\/wp-json\/wp\/v2\/types\/page"}],"author":[{"embeddable":true,"href":"https:\/\/magictowns.al\/de\/wp-json\/wp\/v2\/users\/1"}],"replies":[{"embeddable":true,"href":"https:\/\/magictowns.al\/de\/wp-json\/wp\/v2\/comments?post=3335"}],"version-history":[{"count":4,"href":"https:\/\/magictowns.al\/de\/wp-json\/wp\/v2\/pages\/3335\/revisions"}],"predecessor-version":[{"id":26214,"href":"https:\/\/magictowns.al\/de\/wp-json\/wp\/v2\/pages\/3335\/revisions\/26214"}],"wp:attachment":[{"href":"https:\/\/magictowns.al\/de\/wp-json\/wp\/v2\/media?parent=3335"}],"curies":[{"name":"wp","href":"https:\/\/api.w.org\/{rel}","templated":true}]}}