{"id":3335,"date":"2024-01-08T12:35:56","date_gmt":"2024-01-08T11:35:56","guid":{"rendered":"https:\/\/magictowns.al\/?page_id=3335"},"modified":"2025-07-03T15:26:51","modified_gmt":"2025-07-03T13:26:51","slug":"privatlivspolitik","status":"publish","type":"page","link":"https:\/\/magictowns.al\/da\/privacy-policy\/","title":{"rendered":"Privatlivspolitik"},"content":{"rendered":"<div class=\"wp-block-rank-math-toc-block\" id=\"rank-math-toc\"><h2>Indholdsfortegnelse<\/h2><nav><ul><li><a href=\"#definitions\">Definitioner<\/a><\/li><li><a href=\"#information-we-collect\">Oplysninger, vi indsamler<\/a><\/li><li><a href=\"#additional-information\">Yderligere oplysninger<\/a><\/li><li><a href=\"#information-automatically-collected-by-using-the-platform\">Oplysninger, der indsamles automatisk ved brug af platformen<\/a><\/li><li><a href=\"#information-collected-from-third-parties\">Oplysninger indsamlet fra tredjeparter<\/a><\/li><li><a href=\"#how-we-use-collected-information\">S\u00e5dan bruger vi indsamlede oplysninger<\/a><ul><li><a href=\"#provide-improve-and-develop-the-platform\">Tilvejebringelse, forbedring og udvikling af platformen<\/a><\/li><li><a href=\"#provide-personalize-measure-and-improve-our-advertising-and-marketing\">Tilbyde, tilpasse, m\u00e5le og forbedre vores annoncering og markedsf\u00f8ring<\/a><\/li><\/ul><\/li><li><a href=\"#linking-third-party-accounts\">Sammenk\u00e6dning af tredjepartskonti<\/a><\/li><li><a href=\"#provide-payment-services\">Tilbyde betalingstjenester<\/a><\/li><li><a href=\"#sharing-between-users\">Deling mellem brugere<\/a><ul><li><a href=\"#between-clients-and-experts\">Mellem kunder og eksperter:<\/a><\/li><li><a href=\"#expert-to-expert-communication\">Ekspert-til-ekspert-kommunikation:<\/a><\/li><li><a href=\"#experts-service-providers\">Eksperter Tjenesteudbydere<\/a><\/li><li><a href=\"#windup-of-operations-and-business-transfers\">Afvikling af aktiviteter og virksomhedsoverdragelser<\/a><\/li><\/ul><\/li><li><a href=\"#third-party-partners-integrations\">Tredjepartspartnere og integrationer<\/a><\/li><li><a href=\"#exercising-your-rights\">Ud\u00f8velse af dine rettigheder<\/a><\/li><\/ul><\/nav><\/div>\n\n\n\n<p>Magic Towns' mission er at g\u00f8re det muligt for expats, pensionister og i bredere forstand verdensrejsende at flytte til forskellige lande i sikkerhed og gennemsigtighed. P\u00e5 den m\u00e5de \u00f8nsker vi at opbygge et f\u00e6llesskab baseret p\u00e5 tillid og professionalisme. En hj\u00f8rnesten i den tillid er, at vi er transparente omkring, hvordan vi bruger dine oplysninger, og at vi beskytter din grundl\u00e6ggende ret til privatliv.<\/p>\n\n\n\n<p>Denne privatlivspolitik beskriver, hvordan virksomheden og dens datterselskaber (\"vi\", \"os\" eller \"vores\") behandler personlige oplysninger i forbindelse med din brug af vores platform. Afh\u00e6ngigt af din placering, og hvordan du interagerer med vores platform, kan der g\u00e6lde yderligere vilk\u00e5r for beskyttelse af personlige oplysninger for dig. F\u00f8lg venligst linkene og l\u00e6s de supplerende oplysninger, der beskriver, hvordan vi behandler personlige oplysninger under de specifikke omst\u00e6ndigheder.<\/p>\n\n\n\n<p>Denne fortrolighedspolitik kan v\u00e6re tilg\u00e6ngelig p\u00e5 flere sprog. Den eneste version, der henvises til, er den engelske (UK) version. Andre sprog kan v\u00e6re til r\u00e5dighed for nemheds skyld. Ved at bruge platformen accepterer du udtrykkeligt denne bestemmelse.<\/p>\n\n\n\n<h3 id=\"definitions\" class=\"wp-block-heading\">Definitioner<\/h3>\n\n\n\n<p>Udefinerede udtryk i denne privatlivspolitik har de samme definitioner som i vores servicevilk\u00e5r (\"Vilk\u00e5r\").<\/p>\n\n\n\n<h3 id=\"information-we-collect\" class=\"wp-block-heading\">Oplysninger, vi indsamler<\/h3>\n\n\n\n<p>Vi indsamler personlige oplysninger om dig, n\u00e5r du bruger vores platform. Uden disse oplysninger er vi muligvis ikke i stand til at levere alle de \u00f8nskede tjenester. Disse oplysninger omfatter:<\/p>\n\n\n\n<p><strong>Oplysninger om kontakt, konto og profil<\/strong>: S\u00e5som dit fornavn, efternavn, telefonnummer, postadresse, e-mailadresse, f\u00f8dselsdato og profilbillede, hvoraf nogle vil afh\u00e6nge af de funktioner, du bruger.<\/p>\n\n\n\n<p><strong>Identitetsbekr\u00e6ftelse og betalingsoplysninger<\/strong>: S\u00e5som billeder af dit statsudstedte ID (som tilladt i henhold til g\u00e6ldende lovgivning), dit ID-nummer eller andre verifikationsoplysninger og oplysninger om bankkonto eller betalingskonto. Hvis du giver os en kopi af dit ID, kan vi scanne, bruge og gemme oplysningerne i dit ID for at bekr\u00e6fte din identitet og til sikkerhedsform\u00e5l.<\/p>\n\n\n\n<h3 id=\"additional-information\" class=\"wp-block-heading\">Yderligere oplysninger<\/h3>\n\n\n\n<p>Du kan v\u00e6lge at give os yderligere personlige oplysninger. Disse oplysninger kan omfatte:<\/p>\n\n\n\n<p><strong>Yderligere profiloplysninger<\/strong>: S\u00e5som k\u00f8n, foretrukne sprog, by og personlig beskrivelse. Nogle af disse oplysninger, som angivet i dine kontoindstillinger, er en del af din offentlige profilside og vil v\u00e6re offentligt synlige.<\/p>\n\n\n\n<p><strong>Information om andre<\/strong>: F.eks. et betalingsinstrument, der tilh\u00f8rer en anden person. Ved at give os personlige oplysninger om andre bekr\u00e6fter du, at du har tilladelse til at give disse oplysninger til de form\u00e5l, der er beskrevet i denne fortrolighedspolitik.<\/p>\n\n\n\n<p><strong>Andre oplysninger<\/strong>: F.eks. n\u00e5r du udfylder en formular, tilf\u00f8jer oplysninger til din konto, svarer p\u00e5 unders\u00f8gelser, skriver indl\u00e6g i f\u00e6llesskabsfora, deltager i kampagner, kommunikerer med support og andre brugere eller deler din oplevelse med os. Du forst\u00e5r, at samtaler med personlige oplysninger, herunder men ikke begr\u00e6nset til din skattesituation, kan blive gemt p\u00e5 vores platform.<\/p>\n\n\n\n<h3 id=\"information-automatically-collected-by-using-the-platform\" class=\"wp-block-heading\">Oplysninger, der indsamles automatisk ved brug af platformen<\/h3>\n\n\n\n<p>N\u00e5r du bruger vores platform, indsamler vi automatisk personlige og andre oplysninger. Disse oplysninger kan omfatte:<\/p>\n\n\n\n<p><strong>Oplysninger om geolokalisering<\/strong>: S\u00e5som pr\u00e6cis eller omtrentlig placering bestemt ud fra din IP-adresse, mobilens eller andre enheders GPS eller andre oplysninger, du deler med os, afh\u00e6ngigt af dine enhedsindstillinger.<\/p>\n\n\n\n<p><strong>Oplysninger om brug<\/strong>: F.eks. de sider eller det indhold, du ser, de s\u00f8gninger, du foretager, og andre handlinger p\u00e5 platformen.<\/p>\n\n\n\n<p><strong>Logdata og enhedsoplysninger<\/strong>: F.eks. oplysninger om, hvordan du har brugt platformen, IP-adresse, adgangsdatoer og -tidspunkter, hardware- og softwareoplysninger, enhedsoplysninger, unikke identifikatorer, nedbrudsdata og de sider, du har set eller besk\u00e6ftiget dig med f\u00f8r eller efter brug af platformen. Vi kan indsamle disse oplysninger, selv om du ikke har oprettet en konto eller logget ind.<\/p>\n\n\n\n<p><strong>Cookies og lignende teknologier<\/strong><\/p>\n\n\n\n<p><strong>Oplysninger om betalingstransaktioner<\/strong>: S\u00e5som anvendt betalingsmetode, dato og klokkesl\u00e6t, betalingsbel\u00f8b, betalingsmetodens udl\u00f8bsdato og faktureringspostnummer og andre relaterede transaktionsoplysninger.<\/p>\n\n\n\n<h3 id=\"information-collected-from-third-parties\" class=\"wp-block-heading\"><strong>Oplysninger indsamlet fra tredjeparter<\/strong><\/h3>\n\n\n\n<p>Vi indsamler personlige oplysninger fra andre kilder, f.eks:<\/p>\n\n\n\n<p><strong>Tredjeparts-tjenester<\/strong>: Hvis du linker, forbinder eller logger ind p\u00e5 vores platform med en tredjepartstjeneste (f.eks. Google, Facebook), beder du tjenesten om at sende os oplysninger s\u00e5som dine registrerings- og profiloplysninger som kontrolleret af den p\u00e5g\u00e6ldende tjeneste eller som godkendt af dig via dine privatlivsindstillinger p\u00e5 den p\u00e5g\u00e6ldende tjeneste.<\/p>\n\n\n\n<p><strong>Eksperter og Account Management<\/strong>: Eksperter, der har adgang til vores platform, kan indsende personlige oplysninger for at lette kontoadministration og for at administrere deres forhold til dig som formidlet af denne platform.<\/p>\n\n\n\n<p><strong>Henvisninger<\/strong>: Hvis du bliver inviteret til at bruge vores platform, kan den person, der har inviteret dig, indsende personlige oplysninger om dig, s\u00e5som din e-mailadresse eller andre kontaktoplysninger.<\/p>\n\n\n\n<p><strong>Bem\u00e6rk<\/strong>: Som n\u00e6rmere forklaret i vores vilk\u00e5r og betingelser tilbyder platformen ikke juridisk eller skattem\u00e6ssig r\u00e5dgivning, og alle oplysninger fra Magic AI skal ikke betragtes som personlig r\u00e5dgivning. Kun r\u00e5dgivning fra en kvalificeret ekspert b\u00f8r p\u00e5ber\u00e5bes. Magic Towns holdes skadesl\u00f8s for eventuelle fejl og udeladelser enten i det indhold, der er tilg\u00e6ngeligt p\u00e5 platformen, eller som leveres af Magic AI.<\/p>\n\n\n\n<h3 id=\"how-we-use-collected-information\" class=\"wp-block-heading\">S\u00e5dan bruger vi indsamlede oplysninger<\/h3>\n\n\n\n<p>Vi bruger personlige oplysninger som beskrevet i denne fortrolighedspolitik til forskellige form\u00e5l for at levere og forbedre vores tjenester.<\/p>\n\n\n\n<h3 class=\"wp-block-heading\" id=\"provide-improve-and-develop-the-platform\">Tilvejebringelse, forbedring og udvikling af platformen<\/h3>\n\n\n\n<p>Vi kan behandle disse oplysninger for at:<\/p>\n\n\n\n<ul class=\"wp-block-list\">\n<li>G\u00f8re det muligt for dig at f\u00e5 adgang til platformen og foretage og modtage betalinger<\/li>\n\n\n\n<li>G\u00f8re det muligt for dig at kommunikere med andre brugere og eksperter<\/li>\n\n\n\n<li>Behandle din anmodning om information eller tjenester<\/li>\n\n\n\n<li>Udf\u00f8re analyser, fejlfinding og forskning<\/li>\n\n\n\n<li>Giv tr\u00e6ning i kundeservice<\/li>\n\n\n\n<li>Sende dig beskeder, opdateringer, sikkerhedsadvarsler og kontomeddelelser<\/li>\n\n\n\n<li>behandle, h\u00e5ndtere eller vurdere forsikringskrav eller andre krav<\/li>\n\n\n\n<li>Personalisere og tilpasse din oplevelse baseret p\u00e5 dine interaktioner med platformen, din s\u00f8ge- og konsultationshistorik, dine profiloplysninger og pr\u00e6ferencer samt andet indhold, du indsender.<\/li>\n\n\n\n<li>Give resum\u00e9er af dine konsultationer til dig og til alle eksperter, du arbejder sammen med.<\/li>\n<\/ul>\n\n\n\n<p>Hvis du giver os dine kontaktpersoners oplysninger, kan vi behandle disse oplysninger for at:<\/p>\n\n\n\n<ul class=\"wp-block-list\">\n<li>G\u00f8r dine henvisningsinvitationer lettere<\/li>\n\n\n\n<li>at lette dine anmodninger eller til ethvert andet form\u00e5l, du godkender<\/li>\n\n\n\n<li>Overhold de juridiske forpligtelser<\/li>\n\n\n\n<li>Vi kan behandle disse oplysninger for at:<\/li>\n\n\n\n<li>Overholde vores juridiske forpligtelser, hvis og n\u00e5r vi bliver bedt om det af offentlige instanser.<\/li>\n\n\n\n<li>L\u00f8sning af tvister med vores brugere, herunder deling af oplysninger om tvister relateret til dine interaktioner med eksperter.<\/li>\n\n\n\n<li>Overholde loven, svare p\u00e5 juridiske anmodninger, forhindre skade og beskytte vores rettigheder<\/li>\n\n\n\n<li>H\u00e5ndh\u00e6ve vores vilk\u00e5r og andre politikker<\/li>\n<\/ul>\n\n\n\n<p>I begr\u00e6nsede tilf\u00e6lde kan automatiserede processer begr\u00e6nse eller suspendere din adgang til platformen, hvis s\u00e5danne processer opdager aktivitet, der kan udg\u00f8re en sikkerhedsrisiko eller anden risiko for virksomheden, vores f\u00e6llesskab eller tredjeparter.<\/p>\n\n\n\n<h3 class=\"wp-block-heading\" id=\"provide-personalize-measure-and-improve-our-advertising-and-marketing\">Tilbyde, tilpasse, m\u00e5le og forbedre vores annoncering og markedsf\u00f8ring<\/h3>\n\n\n\n<p>Vi kan behandle disse oplysninger for at:<\/p>\n\n\n\n<ul class=\"wp-block-list\">\n<li>Sende dig salgsfremmende meddelelser, markedsf\u00f8ring, reklamer og andre oplysninger baseret p\u00e5 dine pr\u00e6ferencer.<\/li>\n\n\n\n<li>Tilpasse, m\u00e5le og forbedre vores annoncering<\/li>\n\n\n\n<li>Administrere henvisningsprogrammer, bel\u00f8nninger, unders\u00f8gelser, lodtr\u00e6kninger, konkurrencer eller andre salgsfremmende aktiviteter eller begivenheder<\/li>\n\n\n\n<li>Analysere karakteristika og pr\u00e6ferencer for at sende dig salgsfremmende meddelelser, markedsf\u00f8ring, reklamer og andre oplysninger, som vi tror kan v\u00e6re af interesse for dig.<\/li>\n\n\n\n<li>Invitere dig til arrangementer og relevante muligheder<\/li>\n\n\n\n<li>Analyse og deling af din kommunikation<\/li>\n<\/ul>\n\n\n\n<p>Vi kan gennemg\u00e5, scanne eller analysere din kommunikation p\u00e5 platformen af \u00e5rsager, der er beskrevet i afsnittet \"S\u00e5dan bruger vi de oplysninger, vi indsamler\" i denne politik. Dette omfatter bl.a:<\/p>\n\n\n\n<ul class=\"wp-block-list\">\n<li>Forebyggelse af svindel<\/li>\n\n\n\n<li>Sikkerhedsunders\u00f8gelser<\/li>\n\n\n\n<li>Risikovurderinger<\/li>\n\n\n\n<li>Overholdelse af lovgivning<\/li>\n\n\n\n<li>Udvikling af produkter<\/li>\n\n\n\n<li>Forskning og analyse<\/li>\n\n\n\n<li>H\u00e5ndh\u00e6velse af vores servicevilk\u00e5r<\/li>\n\n\n\n<li>Kundeservice<\/li>\n<\/ul>\n\n\n\n<p>Vi bruger automatiserede metoder, hvor det er muligt. I nogle tilf\u00e6lde kan manuel gennemgang af kommunikation v\u00e6re n\u00f8dvendig i forbindelse med unders\u00f8gelser af svindel og kundesupport. Vi vil ikke gennemg\u00e5, scanne eller analysere dine meddelelser for at sende markedsf\u00f8ringsmeddelelser fra tredjeparter til dig. Vi kan ogs\u00e5 dele din kommunikation som beskrevet i afsnittet \"Deling og videregivelse\".<\/p>\n\n\n\n<h3 id=\"linking-third-party-accounts\" class=\"wp-block-heading\">Sammenk\u00e6dning af tredjepartskonti<\/h3>\n\n\n\n<p>Du kan linke din konto med visse tredjepartstjenester. N\u00e5r du styrer datadelingen ved at oprette dette link:<\/p>\n\n\n\n<ul class=\"wp-block-list\">\n<li>Nogle af oplysningerne kan blive offentliggjort p\u00e5 din offentlige profil.<\/li>\n\n\n\n<li>Andre brugere kan muligvis se f\u00e6lles kontakter eller grupper.<\/li>\n\n\n\n<li>Oplysninger, du giver via dette link, kan gemmes, behandles og overf\u00f8res til forebyggelse af svindel, sikkerhedsunders\u00f8gelser og risikovurdering.<\/li>\n<\/ul>\n\n\n\n<h3 id=\"provide-payment-services\" class=\"wp-block-heading\">Tilbyde betalingstjenester<\/h3>\n\n\n\n<p>Personlige oplysninger bruges til at aktivere eller autorisere tredjeparter til at bruge betalingstjenester, s\u00e5som at:<\/p>\n\n\n\n<ul class=\"wp-block-list\">\n<li>Opdage og forhindre hvidvaskning af penge, svindel, misbrug og sikkerhedsh\u00e6ndelser.<\/li>\n\n\n\n<li>Overholde juridiske og compliance-forpligtelser<\/li>\n\n\n\n<li>H\u00e5ndh\u00e6ve betalingsbetingelserne og andre betalingspolitikker<\/li>\n\n\n\n<li>Tilvejebringelse og forbedring af betalingstjenester<\/li>\n\n\n\n<li>Deling af dine oplysninger<\/li>\n\n\n\n<li>Deling med dit samtykke eller p\u00e5 din foranledning<\/li>\n<\/ul>\n\n\n\n<p>N\u00e5r du giver dit samtykke, deler vi dine oplysninger som beskrevet p\u00e5 tidspunktet for samtykket. Det kan v\u00e6re, n\u00e5r du giver en tredjepartsapplikation tilladelse til at f\u00e5 adgang til din konto, eller n\u00e5r du deltager i salgsfremmende aktiviteter fra vores partnere eller tredjeparter.<\/p>\n\n\n\n<p>Hvor det er tilladt i henhold til g\u00e6ldende lov, kan vi bruge visse anonyme oplysninger om dig, s\u00e5som din e-mailadresse, til at generere leads, drive trafik til platformen eller p\u00e5 anden m\u00e5de promovere vores produkter og tjenester.<\/p>\n\n\n\n<h3 id=\"sharing-between-users\" class=\"wp-block-heading\">Deling mellem brugere<\/h3>\n\n\n\n<p>For at hj\u00e6lpe med at lette konsultationer eller andre interaktioner mellem brugere (som kan befinde sig i jurisdiktioner med forskellige niveauer af databeskyttelse), kan vi dele oplysninger i f\u00f8lgende situationer:<\/p>\n\n\n\n<h3 class=\"wp-block-heading\" id=\"between-clients-and-experts\">Mellem kunder og eksperter:<\/h3>\n\n\n\n<p>N\u00e5r en konsultationsanmodning frems\u00e6ttes, eller en tvist opst\u00e5r, vil visse oplysninger s\u00e5som profil, navn, tvistresultat og andre oplysninger, du v\u00e6lger at dele, v\u00e6re tilg\u00e6ngelige.<\/p>\n\n\n\n<p>N\u00e5r en konsultation er bekr\u00e6ftet, deles yderligere oplysninger s\u00e5som dit profilbillede og kontaktoplysninger for at hj\u00e6lpe med at koordinere konsultationen.<\/p>\n\n\n\n<h3 class=\"wp-block-heading\" id=\"expert-to-expert-communication\">Ekspert-til-ekspert-kommunikation:<\/h3>\n\n\n\n<p>N\u00e5r du accepterer en invitation til at samarbejde med en anden ekspert, giver du de andre eksperter tilladelse til at f\u00e5 adgang til dine oplysninger. Det kan omfatte dit fulde navn, kontaktoplysninger, kalender og e-mailadresse samt oplysninger fra tidligere konsultationer.<\/p>\n\n\n\n<h3 class=\"wp-block-heading\" id=\"experts-service-providers\">Eksperter Tjenesteudbydere<\/h3>\n\n\n\n<p>Eksperter kan bruge tredjepartstjenester til at hj\u00e6lpe med at administrere eller levere deres tjenester, s\u00e5som aftaleplanl\u00e6gningssoftware eller virtuelle m\u00f8deplatforme. Eksperter kan bruge funktioner p\u00e5 platformen til at dele oplysninger om kunden (som konsultationstid, kundens navn, kundens telefonnummer) med s\u00e5danne tredjepartstjenesteudbydere.<\/p>\n\n\n\n<h3 class=\"wp-block-heading\" id=\"windup-of-operations-and-business-transfers\">Afvikling af aktiviteter og virksomhedsoverdragelser<\/h3>\n\n\n\n<p>Hvis virksomheden er involveret i en fusion, overtagelse, reorganisering, salg af aktiver, konkurs eller insolvens, kan vi s\u00e6lge, overf\u00f8re eller dele nogle af eller alle vores aktiver, herunder dine oplysninger, i forbindelse med en s\u00e5dan transaktion eller i forbindelse med en s\u00e5dan transaktion (f.eks. due diligence). I dette tilf\u00e6lde vil vi underrette dig, f\u00f8r dine personlige oplysninger overf\u00f8res og bliver underlagt en anden privatlivspolitik.<\/p>\n\n\n\n<h3 id=\"third-party-partners-integrations\" class=\"wp-block-heading\">Tredjepartspartnere og integrationer<\/h3>\n\n\n\n<p>Platformen kan linke til tredjepartstjenester. Virksomheden ejer eller kontrollerer ikke disse tredjeparter. N\u00e5r du interagerer med disse tredjeparter og v\u00e6lger at bruge deres tjenester, giver du dine oplysninger til dem. Din brug af disse tjenester er underlagt de p\u00e5g\u00e6ldende udbyderes privatlivspolitik.<\/p>\n\n\n\n<h3 id=\"exercising-your-rights\" class=\"wp-block-heading\">Ud\u00f8velse af dine rettigheder<\/h3>\n\n\n\n<p>Du kan ud\u00f8ve enhver af de rettigheder, der er beskrevet i dette afsnit, i overensstemmelse med g\u00e6ldende lovgivning. Vi kan bede dig om at bekr\u00e6fte din identitet og din anmodning, f\u00f8r vi foretager os yderligere. Du kan bruge afsnittet Kontakt os p\u00e5 hjemmesiden til at sende din anmodning.<\/p>","protected":false},"excerpt":{"rendered":"<p>Magic Towns's mission er at g\u00f8re det muligt for expats, pensionister og mere generelt verdensrejsende at flytte til forskellige lande i sikkerhed...<\/p>","protected":false},"author":1,"featured_media":0,"parent":0,"menu_order":0,"comment_status":"closed","ping_status":"closed","template":"","meta":{"_acf_changed":false,"_helpful_status":1,"footnotes":""},"class_list":["post-3335","page","type-page","status-publish"],"acf":[],"_links":{"self":[{"href":"https:\/\/magictowns.al\/da\/wp-json\/wp\/v2\/pages\/3335","targetHints":{"allow":["GET"]}}],"collection":[{"href":"https:\/\/magictowns.al\/da\/wp-json\/wp\/v2\/pages"}],"about":[{"href":"https:\/\/magictowns.al\/da\/wp-json\/wp\/v2\/types\/page"}],"author":[{"embeddable":true,"href":"https:\/\/magictowns.al\/da\/wp-json\/wp\/v2\/users\/1"}],"replies":[{"embeddable":true,"href":"https:\/\/magictowns.al\/da\/wp-json\/wp\/v2\/comments?post=3335"}],"version-history":[{"count":4,"href":"https:\/\/magictowns.al\/da\/wp-json\/wp\/v2\/pages\/3335\/revisions"}],"predecessor-version":[{"id":26214,"href":"https:\/\/magictowns.al\/da\/wp-json\/wp\/v2\/pages\/3335\/revisions\/26214"}],"wp:attachment":[{"href":"https:\/\/magictowns.al\/da\/wp-json\/wp\/v2\/media?parent=3335"}],"curies":[{"name":"wp","href":"https:\/\/api.w.org\/{rel}","templated":true}]}}